{"id":92,"date":"2025-04-24T09:31:29","date_gmt":"2025-04-24T15:31:29","guid":{"rendered":"https:\/\/gmestigia.com\/?page_id=92"},"modified":"2025-09-16T14:53:57","modified_gmt":"2025-09-16T20:53:57","slug":"sistema-redcord","status":"publish","type":"page","link":"https:\/\/gmestigia.com\/en\/sistema-redcord\/","title":{"rendered":"Sistema Redcord"},"content":{"rendered":"<p>[et_pb_section fb_built=&#8221;1&#8243; prev_background_color=&#8221;#ffffff&#8221; admin_label=&#8221;Header&#8221; _builder_version=&#8221;4.27.4&#8243; background_color=&#8221;rgba(105,100,100,0.3)&#8221; use_background_color_gradient=&#8221;on&#8221; background_color_gradient_direction=&#8221;90deg&#8221; background_color_gradient_stops=&#8221;#696464 4%|rgba(142,139,142,0.72) 39%|rgba(105,100,100,0.48) 72%|rgba(255,255,255,0.29) 100%&#8221; background_color_gradient_overlays_image=&#8221;on&#8221; background_color_gradient_start=&#8221;#171728&#8243; background_color_gradient_start_position=&#8221;18%&#8221; background_color_gradient_end=&#8221;rgba(255,255,255,0.29)&#8221; background_image=&#8221;https:\/\/gmestigia.com\/wp-content\/uploads\/2025\/06\/Fondo-pattern-estigia.png&#8221; custom_margin=&#8221;||5px|||&#8221; custom_padding=&#8221;5vw|0px|5vw|0px|false|false&#8221; top_divider_style=&#8221;wave2&#8243; top_divider_height=&#8221;71px&#8221; bottom_divider_style=&#8221;wave2&#8243; bottom_divider_color=&#8221;#FFFFFF&#8221; bottom_divider_height=&#8221;70px&#8221; locked=&#8221;off&#8221; global_colors_info=&#8221;{}&#8221; box_shadow_style__hover=&#8221;none&#8221; box_shadow_style__hover_enabled=&#8221;none&#8221; box_shadow_color__hover=&#8221;rgba(0,0,0,0.3)&#8221; box_shadow_color__hover_enabled=&#8221;rgba(0,0,0,0.3)&#8221;][et_pb_row make_equal=&#8221;on&#8221; _builder_version=&#8221;4.27.4&#8243; _module_preset=&#8221;default&#8221; width=&#8221;100%&#8221; width_tablet=&#8221;98%&#8221; width_phone=&#8221;100%&#8221; width_last_edited=&#8221;on|phone&#8221; max_width_tablet=&#8221;&#8221; max_width_phone=&#8221;&#8221; max_width_last_edited=&#8221;on|phone&#8221; module_alignment=&#8221;center&#8221; custom_margin=&#8221;40px|50px||50px|false|false&#8221; custom_margin_tablet=&#8221;65px|65px||65px|false|false&#8221; custom_margin_phone=&#8221;40px|0px||0px|false|false&#8221; custom_margin_last_edited=&#8221;on|desktop&#8221; custom_padding=&#8221;||28px|||&#8221; module_alignment_tablet=&#8221;center&#8221; module_alignment_phone=&#8221;center&#8221; module_alignment_last_edited=&#8221;on|desktop&#8221; global_colors_info=&#8221;{}&#8221;][et_pb_column type=&#8221;4_4&#8243; _builder_version=&#8221;4.27.0&#8243; _module_preset=&#8221;default&#8221; global_colors_info=&#8221;{}&#8221;][et_pb_text _builder_version=&#8221;4.27.4&#8243; _module_preset=&#8221;default&#8221; header_font=&#8221;Begifta|700|||||||&#8221; header_text_align=&#8221;center&#8221; header_text_color=&#8221;#FFFFFF&#8221; header_font_size=&#8221;65px&#8221; header_letter_spacing=&#8221;2px&#8221; header_line_height=&#8221;1.2em&#8221; custom_margin=&#8221;||||false|false&#8221; custom_margin_tablet=&#8221;||||false|false&#8221; custom_margin_phone=&#8221;||||false|false&#8221; custom_margin_last_edited=&#8221;on|desktop&#8221; header_text_align_tablet=&#8221;center&#8221; header_text_align_phone=&#8221;center&#8221; header_text_align_last_edited=&#8221;on|phone&#8221; header_font_size_tablet=&#8221;60px&#8221; header_font_size_phone=&#8221;40px&#8221; header_font_size_last_edited=&#8221;on|phone&#8221; header_line_height_tablet=&#8221;&#8221; header_line_height_phone=&#8221;1.2em&#8221; header_line_height_last_edited=&#8221;on|phone&#8221; text_orientation_tablet=&#8221;&#8221; text_orientation_phone=&#8221;left&#8221; text_orientation_last_edited=&#8221;on|phone&#8221; header_text_shadow_style=&#8221;preset1&#8243; global_colors_info=&#8221;{}&#8221;]<\/p>\n<h1>Sistema RedCord<\/h1>\n<p>[\/et_pb_text][\/et_pb_column][\/et_pb_row][et_pb_row custom_padding_last_edited=&#8221;on|phone&#8221; _builder_version=&#8221;4.27.4&#8243; _module_preset=&#8221;default&#8221; width=&#8221;66%&#8221; custom_padding=&#8221;10px||6px|||&#8221; custom_padding_tablet=&#8221;10px||6px|||&#8221; custom_padding_phone=&#8221;10px||25px||false|false&#8221; global_colors_info=&#8221;{}&#8221;][et_pb_column type=&#8221;4_4&#8243; _builder_version=&#8221;4.27.0&#8243; _module_preset=&#8221;default&#8221; global_colors_info=&#8221;{}&#8221;][et_pb_text _builder_version=&#8221;4.27.4&#8243; _module_preset=&#8221;default&#8221; header_2_font=&#8221;|600|||||||&#8221; header_2_text_align=&#8221;center&#8221; header_2_text_color=&#8221;#FFFFFF&#8221; header_2_line_height=&#8221;1.5em&#8221; hover_enabled=&#8221;0&#8243; header_2_font_size_tablet=&#8221;&#8221; header_2_font_size_phone=&#8221;20px&#8221; header_2_font_size_last_edited=&#8221;on|phone&#8221; header_2_line_height_tablet=&#8221;1.5em&#8221; header_2_line_height_phone=&#8221;1.2em&#8221; header_2_line_height_last_edited=&#8221;on|phone&#8221; header_2_text_shadow_style=&#8221;preset1&#8243; global_colors_info=&#8221;{}&#8221; sticky_enabled=&#8221;0&#8243;]<\/p>\n<h2>Activaci\u00f3n Neuromuscular Avanzada\u00a0 en Estigia<\/h2>\n<p>[\/et_pb_text][et_pb_button button_url=&#8221;https:\/\/wa.link\/rhoalr&#8221; url_new_window=&#8221;on&#8221; button_text=&#8221;Agenda tu cita&#8221; button_alignment=&#8221;center&#8221; _builder_version=&#8221;4.27.4&#8243; custom_button=&#8221;on&#8221; button_text_size=&#8221;16px&#8221; button_text_color=&#8221;#ffffff&#8221; button_bg_color=&#8221;#696464&#8243; button_border_color=&#8221;rgba(0,0,0,0)&#8221; button_border_radius=&#8221;10px&#8221; button_font=&#8221;||||||||&#8221; button_use_icon=&#8221;off&#8221; background_layout=&#8221;dark&#8221; custom_margin=&#8221;14px|||||&#8221; custom_padding=&#8221;12px|24px|12px|24px|true|true&#8221; global_module=&#8221;298&#8243; saved_tabs=&#8221;all&#8221; locked=&#8221;off&#8221; global_colors_info=&#8221;{}&#8221; button_bg_color__hover=&#8221;#0d2656&#8243; button_bg_color__hover_enabled=&#8221;on|hover&#8221; button_bg_enable_color__hover=&#8221;on&#8221;][\/et_pb_button][\/et_pb_column][\/et_pb_row][\/et_pb_section][et_pb_section fb_built=&#8221;1&#8243; admin_label=&#8221;Service&#8221; _builder_version=&#8221;4.20.0&#8243; _module_preset=&#8221;default&#8221; custom_padding=&#8221;12px||23px|||&#8221; saved_tabs=&#8221;all&#8221; collapsed=&#8221;on&#8221; global_colors_info=&#8221;{}&#8221;][et_pb_row _builder_version=&#8221;4.27.0&#8243; _module_preset=&#8221;default&#8221; custom_padding=&#8221;7px|||||&#8221; global_colors_info=&#8221;{}&#8221;][et_pb_column type=&#8221;4_4&#8243; _builder_version=&#8221;4.27.0&#8243; _module_preset=&#8221;default&#8221; global_colors_info=&#8221;{}&#8221;][et_pb_text _builder_version=&#8221;4.27.4&#8243; _module_preset=&#8221;0d90bd50-5bde-4a75-93f6-e9dc897b7d8c&#8221; text_font=&#8221;||||||||&#8221; text_text_color=&#8221;#696464&#8243; text_font_size=&#8221;16px&#8221; global_colors_info=&#8221;{}&#8221;]<\/p>\n<p><b>En Estigia<\/b><span style=\"font-weight: 400;\">, nos enorgullece ser el <\/span><b>\u00fanico lugar en Playa del Carmen con el sistema Redcord<\/b><span style=\"font-weight: 400;\">, una herramienta innovadora que es tanto <\/span><b>diagn\u00f3stica como terap\u00e9utica<\/b><span style=\"font-weight: 400;\">. Este complejo aparato nos permite abordar los <\/span><b>desequilibrios de la biomec\u00e1nica corporal<\/b><span style=\"font-weight: 400;\">, una causa importante de dolor, especialmente en la <\/span><b>espalda baja<\/b><span style=\"font-weight: 400;\">.<\/span><\/p>\n<p>[\/et_pb_text][\/et_pb_column][\/et_pb_row][et_pb_row _builder_version=&#8221;4.27.4&#8243; _module_preset=&#8221;default&#8221; global_colors_info=&#8221;{}&#8221;][et_pb_column type=&#8221;4_4&#8243; _builder_version=&#8221;4.27.4&#8243; _module_preset=&#8221;default&#8221; global_colors_info=&#8221;{}&#8221;][et_pb_text _builder_version=&#8221;4.27.4&#8243; _module_preset=&#8221;80531ab4-8ec2-4b17-aacd-305e0005fd3f&#8221; header_5_font=&#8221;Begifta|500|||||||&#8221; header_5_text_color=&#8221;#696464&#8243; header_5_font_size=&#8221;28px&#8221; header_5_letter_spacing=&#8221;2px&#8221; text_orientation=&#8221;center&#8221; custom_margin=&#8221;||23px||false|false&#8221; global_colors_info=&#8221;{}&#8221;]<\/p>\n<h5><b>\u00bfC\u00f3mo funciona Redcord?<\/b><\/h5>\n<p>[\/et_pb_text][\/et_pb_column][\/et_pb_row][et_pb_row column_structure=&#8221;1_2,1_2&#8243; _builder_version=&#8221;4.27.4&#8243; _module_preset=&#8221;default&#8221; global_colors_info=&#8221;{}&#8221;][et_pb_column type=&#8221;1_2&#8243; _builder_version=&#8221;4.27.4&#8243; _module_preset=&#8221;default&#8221; global_colors_info=&#8221;{}&#8221;][et_pb_text _builder_version=&#8221;4.27.4&#8243; _module_preset=&#8221;0d90bd50-5bde-4a75-93f6-e9dc897b7d8c&#8221; text_font=&#8221;||||||||&#8221; text_text_color=&#8221;#696464&#8243; text_font_size=&#8221;16px&#8221; global_colors_info=&#8221;{}&#8221;]<\/p>\n<p><span style=\"font-weight: 400;\">Tu cuerpo posee m\u00faltiples cadenas musculares (anterior, posterior, oblicuas) que permiten movimientos coordinados y profundos. Estas cadenas tienen m\u00fasculos estabilizadores que trabajan en conjunto con los m\u00fasculos que generan el movimiento principal. Si un m\u00fasculo estabilizador est\u00e1 d\u00e9bil, se produce un desbalance muscular, lo que puede llevar a:<\/span><\/p>\n<ul>\n<li style=\"font-weight: 400;\" aria-level=\"1\"><b>Postura desequilibrada:<\/b><span style=\"font-weight: 400;\"> Cargar m\u00e1s peso en un lado del cuerpo, causando sobrecarga o elongaci\u00f3n.<\/span><\/li>\n<li style=\"font-weight: 400;\" aria-level=\"1\"><b>Fatiga y lesi\u00f3n:<\/b><span style=\"font-weight: 400;\"> Los m\u00fasculos compensadores se esfuerzan demasiado, provocando dolor y lesiones.<\/span><\/li>\n<li style=\"font-weight: 400;\" aria-level=\"1\"><b>Desactivaci\u00f3n neurol\u00f3gica:<\/b><span style=\"font-weight: 400;\"> El cerebro, buscando eficiencia, puede limitar o &#8220;desactivar&#8221; los m\u00fasculos que no se usan, lo que agrava el desbalance y te obliga a funcionar sin una biomec\u00e1nica ideal.<\/span><\/li>\n<\/ul>\n<p><span style=\"font-weight: 400;\">El dolor es el resultado de m\u00faltiples fen\u00f3menos, y Redcord nos ayuda a desenmara\u00f1arlos.<\/span><\/p>\n<p>[\/et_pb_text][\/et_pb_column][et_pb_column type=&#8221;1_2&#8243; _builder_version=&#8221;4.27.4&#8243; _module_preset=&#8221;default&#8221; global_colors_info=&#8221;{}&#8221;][et_pb_image src=&#8221;https:\/\/gmestigia.com\/wp-content\/uploads\/2025\/06\/sesion-de-terapia-en-suspension-con-redcord-en-estigia.-rehabilitacion-neuromuscular-para-deportistas-y-pacientes-con-dolor-cronico-disponible-en-playa-del-carmen.png&#8221; title_text=&#8221;redcore&#8221; show_bottom_space=&#8221;off&#8221; _builder_version=&#8221;4.27.4&#8243; _module_preset=&#8221;default&#8221; custom_margin=&#8221;20px||||false|false&#8221; animation_style=&#8221;fade&#8221; animation_direction=&#8221;left&#8221; scroll_vertical_motion=&#8221;0|50|50|100|-1|0|1&#8243; border_radii=&#8221;on|25px|25px|25px|25px&#8221; box_shadow_style=&#8221;preset2&#8243; global_colors_info=&#8221;{}&#8221;][\/et_pb_image][et_pb_button button_url=&#8221;https:\/\/wa.link\/rhoalr&#8221; url_new_window=&#8221;on&#8221; button_text=&#8221;Agenda tu cita&#8221; button_alignment=&#8221;center&#8221; _builder_version=&#8221;4.27.4&#8243; custom_button=&#8221;on&#8221; button_text_size=&#8221;16px&#8221; button_text_color=&#8221;#ffffff&#8221; button_bg_color=&#8221;#696464&#8243; button_border_color=&#8221;rgba(0,0,0,0)&#8221; button_border_radius=&#8221;10px&#8221; button_font=&#8221;||||||||&#8221; button_use_icon=&#8221;off&#8221; background_layout=&#8221;dark&#8221; custom_margin=&#8221;14px|||||&#8221; custom_padding=&#8221;12px|24px|12px|24px|true|true&#8221; global_module=&#8221;298&#8243; saved_tabs=&#8221;all&#8221; locked=&#8221;off&#8221; global_colors_info=&#8221;{}&#8221; button_bg_color__hover=&#8221;#0d2656&#8243; button_bg_color__hover_enabled=&#8221;on|hover&#8221; button_bg_enable_color__hover=&#8221;on&#8221;][\/et_pb_button][\/et_pb_column][\/et_pb_row][\/et_pb_section][et_pb_section fb_built=&#8221;1&#8243; admin_label=&#8221;Service&#8221; _builder_version=&#8221;4.27.0&#8243; _module_preset=&#8221;default&#8221; background_color=&#8221;rgba(105,100,100,0.1)&#8221; background_image=&#8221;https:\/\/gmestigia.com\/wp-content\/uploads\/2025\/06\/Fondo-pattern-estigia.png&#8221; custom_margin=&#8221;31px|||||&#8221; custom_padding=&#8221;20px|||||&#8221; border_width_top=&#8221;1px&#8221; border_color_top=&#8221;rgba(105,100,100,0.62)&#8221; saved_tabs=&#8221;all&#8221; collapsed=&#8221;on&#8221; global_colors_info=&#8221;{}&#8221;][et_pb_row _builder_version=&#8221;4.27.4&#8243; _module_preset=&#8221;default&#8221; global_colors_info=&#8221;{}&#8221;][et_pb_column type=&#8221;4_4&#8243; _builder_version=&#8221;4.27.4&#8243; _module_preset=&#8221;default&#8221; global_colors_info=&#8221;{}&#8221;][et_pb_text _builder_version=&#8221;4.27.4&#8243; _module_preset=&#8221;80531ab4-8ec2-4b17-aacd-305e0005fd3f&#8221; header_5_font=&#8221;Begifta|500|||||||&#8221; header_5_text_color=&#8221;#696464&#8243; header_5_font_size=&#8221;28px&#8221; header_5_letter_spacing=&#8221;2px&#8221; text_orientation=&#8221;center&#8221; custom_margin=&#8221;60px||0px||false|false&#8221; locked=&#8221;off&#8221; global_colors_info=&#8221;{}&#8221;]<\/p>\n<h5><b>NEURAC: La T\u00e9cnica Terap\u00e9utica<\/b><\/h5>\n<p>[\/et_pb_text][\/et_pb_column][\/et_pb_row][et_pb_row _builder_version=&#8221;4.27.0&#8243; _module_preset=&#8221;default&#8221; background_color=&#8221;#FFFFFF&#8221; custom_padding=&#8221;|15px||15px|false|true&#8221; border_radii=&#8221;on|25px|25px|25px|25px&#8221; global_colors_info=&#8221;{}&#8221;][et_pb_column type=&#8221;4_4&#8243; _builder_version=&#8221;4.27.0&#8243; _module_preset=&#8221;default&#8221; global_colors_info=&#8221;{}&#8221;][et_pb_text _builder_version=&#8221;4.27.4&#8243; _module_preset=&#8221;default&#8221; text_text_color=&#8221;#696464&#8243; text_font_size=&#8221;16px&#8221; text_line_height=&#8221;1.9em&#8221; locked=&#8221;off&#8221; global_colors_info=&#8221;{}&#8221;]<\/p>\n<p><span style=\"font-weight: 400;\">La t\u00e9cnica terap\u00e9utica que utiliza Redcord se llama <b>NEURAC (Activaci\u00f3n Neuromuscular)<\/b>. Su objetivo es reestablecer los patrones de movimiento funcional a trav\u00e9s de altos niveles de estimulaci\u00f3n neuromuscular.<\/span><\/p>\n<p>[\/et_pb_text][\/et_pb_column][\/et_pb_row][et_pb_row column_structure=&#8221;3_5,2_5&#8243; _builder_version=&#8221;4.27.4&#8243; _module_preset=&#8221;default&#8221; background_color=&#8221;#FFFFFF&#8221; custom_margin=&#8221;25px||||false|false&#8221; custom_padding=&#8221;|36px||36px|false|true&#8221; border_radii=&#8221;on|25px|25px|25px|25px&#8221; global_colors_info=&#8221;{}&#8221;][et_pb_column type=&#8221;3_5&#8243; _builder_version=&#8221;4.27.0&#8243; _module_preset=&#8221;default&#8221; global_colors_info=&#8221;{}&#8221;][et_pb_text _builder_version=&#8221;4.27.0&#8243; _module_preset=&#8221;80531ab4-8ec2-4b17-aacd-305e0005fd3f&#8221; header_5_font=&#8221;Begifta|500|||||||&#8221; header_5_text_color=&#8221;#696464&#8243; header_5_font_size=&#8221;28px&#8221; header_5_letter_spacing=&#8221;2px&#8221; text_orientation=&#8221;center&#8221; custom_margin=&#8221;3px||0px||false|false&#8221; locked=&#8221;off&#8221; global_colors_info=&#8221;{}&#8221;]<\/p>\n<h5><b>\u00a0Sesi\u00f3n de Redcord.<\/b><\/h5>\n<p>[\/et_pb_text][et_pb_text _builder_version=&#8221;4.27.4&#8243; _module_preset=&#8221;default&#8221; text_text_color=&#8221;#696464&#8243; text_font_size=&#8221;16px&#8221; text_line_height=&#8221;1.9em&#8221; locked=&#8221;off&#8221; global_colors_info=&#8221;{}&#8221;]<\/p>\n<ul>\n<li style=\"font-weight: 400;\" aria-level=\"1\"><b>Evaluaci\u00f3n Inicial:<\/b><span style=\"font-weight: 400;\"> En tu sesi\u00f3n inicial, el m\u00e9dico realizar\u00e1 una evaluaci\u00f3n del balance de tus cadenas musculares para identificar los &#8220;eslabones d\u00e9biles&#8221;. Estos son los puntos que originan los desbalances, las zonas de sobrecarga y, en consecuencia, el dolor. Se presta especial atenci\u00f3n a <\/span><b>disbalances en la zona lumbar<\/b><span style=\"font-weight: 400;\">.<\/span><span style=\"font-weight: 400;\"><\/span><\/li>\n<\/ul>\n<p><span style=\"font-weight: 400;\"><\/span><\/p>\n<ul>\n<li style=\"font-weight: 400;\" aria-level=\"1\"><b>Tratamiento Dirigido:<\/b><span style=\"font-weight: 400;\"> Una vez hallados los eslabones d\u00e9biles, el tratamiento Neurac consiste en realizar <\/span><b>ejercicios espec\u00edficos<\/b><span style=\"font-weight: 400;\"> y repetitivos utilizando el sistema Redcord. Estos ejercicios est\u00e1n dirigidos a fortalecer esos eslabones d\u00e9biles, guiando el proceso para devolver el balance funcional a tu biomec\u00e1nica corporal y, como resultado, lograr el alivio efectivo del dolor.<\/span><\/li>\n<\/ul>\n<p>[\/et_pb_text][\/et_pb_column][et_pb_column type=&#8221;2_5&#8243; _builder_version=&#8221;4.27.0&#8243; _module_preset=&#8221;default&#8221; global_colors_info=&#8221;{}&#8221;][et_pb_image src=&#8221;https:\/\/gmestigia.com\/wp-content\/uploads\/2025\/06\/sistema-redcord-neurac-instalado-en-estigia-ideal-para-activar-musculos-profundos-mejorar-estabilidad-y-tratar-disfunciones-neuromusculares-en-playa-del-carmen.png&#8221; _builder_version=&#8221;4.27.4&#8243; _module_preset=&#8221;default&#8221; custom_margin=&#8221;55px||||false|false&#8221; custom_margin_tablet=&#8221;0px||||false|false&#8221; custom_margin_phone=&#8221;0px||||false|false&#8221; custom_margin_last_edited=&#8221;on|tablet&#8221; animation_style=&#8221;fade&#8221; border_radii=&#8221;on|25px|25px|25px|25px&#8221; box_shadow_style=&#8221;preset2&#8243; global_colors_info=&#8221;{}&#8221;][\/et_pb_image][\/et_pb_column][\/et_pb_row][et_pb_row _builder_version=&#8221;4.27.0&#8243; _module_preset=&#8221;default&#8221; background_color=&#8221;#FFFFFF&#8221; custom_margin=&#8221;22px|auto||auto||&#8221; custom_padding=&#8221;|15px||15px|false|true&#8221; border_radii=&#8221;on|25px|25px|25px|25px&#8221; global_colors_info=&#8221;{}&#8221;][et_pb_column type=&#8221;4_4&#8243; _builder_version=&#8221;4.27.0&#8243; _module_preset=&#8221;default&#8221; global_colors_info=&#8221;{}&#8221;][et_pb_text _builder_version=&#8221;4.27.4&#8243; _module_preset=&#8221;default&#8221; text_text_color=&#8221;#696464&#8243; text_font_size=&#8221;16px&#8221; text_line_height=&#8221;1.9em&#8221; locked=&#8221;off&#8221; global_colors_info=&#8221;{}&#8221;]<\/p>\n<p><span style=\"font-weight: 400;\">Con Redcord <\/span><b>en Estigia<\/b><span style=\"font-weight: 400;\">, vamos m\u00e1s all\u00e1 del s\u00edntoma para tratar la causa profunda de tu dolor y restaurar la funcionalidad \u00f3ptima de tu cuerpo.<\/span><\/p>\n<p>[\/et_pb_text][\/et_pb_column][\/et_pb_row][et_pb_row _builder_version=&#8221;4.27.4&#8243; _module_preset=&#8221;default&#8221; background_color=&#8221;#FFFFFF&#8221; width=&#8221;60%&#8221; custom_margin=&#8221;22px|auto||auto||&#8221; custom_padding=&#8221;|15px||15px|false|true&#8221; animation_style=&#8221;fade&#8221; border_radii=&#8221;on|25px|25px|25px|25px&#8221; box_shadow_style=&#8221;preset2&#8243; global_colors_info=&#8221;{}&#8221;][et_pb_column type=&#8221;4_4&#8243; _builder_version=&#8221;4.27.0&#8243; _module_preset=&#8221;default&#8221; global_colors_info=&#8221;{}&#8221;][et_pb_text _builder_version=&#8221;4.27.4&#8243; _module_preset=&#8221;default&#8221; text_text_color=&#8221;#696464&#8243; text_font_size=&#8221;16px&#8221; text_line_height=&#8221;1.9em&#8221; text_orientation=&#8221;center&#8221; locked=&#8221;off&#8221; global_colors_info=&#8221;{}&#8221;]<\/p>\n<p><span style=\"font-weight: 400;\">Para un tratamiento preciso, un diagn\u00f3stico m\u00e9dico es esencial.<\/span><\/p>\n<p>[\/et_pb_text][et_pb_button button_url=&#8221;https:\/\/wa.link\/rhoalr&#8221; url_new_window=&#8221;on&#8221; button_text=&#8221;Solicita tu Diagn\u00f3stico&#8221; button_alignment=&#8221;center&#8221; _builder_version=&#8221;4.27.4&#8243; custom_button=&#8221;on&#8221; button_text_size=&#8221;18px&#8221; button_text_color=&#8221;#ffffff&#8221; button_bg_color=&#8221;#696464&#8243; button_border_color=&#8221;rgba(0,0,0,0)&#8221; button_border_radius=&#8221;10px&#8221; button_font=&#8221;||||||||&#8221; button_use_icon=&#8221;off&#8221; background_layout=&#8221;dark&#8221; custom_margin=&#8221;||||false|false&#8221; custom_padding=&#8221;12px|24px|12px|24px|true|true&#8221; saved_tabs=&#8221;all&#8221; locked=&#8221;off&#8221; global_colors_info=&#8221;{}&#8221; button_bg_color__hover=&#8221;#0d2656&#8243; button_bg_color__hover_enabled=&#8221;on|hover&#8221; button_bg_enable_color__hover=&#8221;on&#8221;][\/et_pb_button][\/et_pb_column][\/et_pb_row][\/et_pb_section]<\/p>\n","protected":false},"excerpt":{"rendered":"<p>Sistema RedCordActivaci\u00f3n Neuromuscular Avanzada\u00a0 en EstigiaEn Estigia, nos enorgullece ser el \u00fanico lugar en Playa del Carmen con el sistema Redcord, una herramienta innovadora que es tanto diagn\u00f3stica como terap\u00e9utica. Este complejo aparato nos permite abordar los desequilibrios de la biomec\u00e1nica corporal, una causa importante de dolor, especialmente en la espalda baja.\u00bfC\u00f3mo funciona Redcord?Tu cuerpo [&hellip;]<\/p>\n","protected":false},"author":2,"featured_media":0,"parent":0,"menu_order":0,"comment_status":"closed","ping_status":"closed","template":"","meta":{"_et_pb_use_builder":"on","_et_pb_old_content":"","_et_gb_content_width":"","footnotes":""},"class_list":["post-92","page","type-page","status-publish","hentry"],"_links":{"self":[{"href":"https:\/\/gmestigia.com\/en\/wp-json\/wp\/v2\/pages\/92","targetHints":{"allow":["GET"]}}],"collection":[{"href":"https:\/\/gmestigia.com\/en\/wp-json\/wp\/v2\/pages"}],"about":[{"href":"https:\/\/gmestigia.com\/en\/wp-json\/wp\/v2\/types\/page"}],"author":[{"embeddable":true,"href":"https:\/\/gmestigia.com\/en\/wp-json\/wp\/v2\/users\/2"}],"replies":[{"embeddable":true,"href":"https:\/\/gmestigia.com\/en\/wp-json\/wp\/v2\/comments?post=92"}],"version-history":[{"count":22,"href":"https:\/\/gmestigia.com\/en\/wp-json\/wp\/v2\/pages\/92\/revisions"}],"predecessor-version":[{"id":921,"href":"https:\/\/gmestigia.com\/en\/wp-json\/wp\/v2\/pages\/92\/revisions\/921"}],"wp:attachment":[{"href":"https:\/\/gmestigia.com\/en\/wp-json\/wp\/v2\/media?parent=92"}],"curies":[{"name":"wp","href":"https:\/\/api.w.org\/{rel}","templated":true}]}}