{"id":88,"date":"2025-04-24T09:30:18","date_gmt":"2025-04-24T15:30:18","guid":{"rendered":"https:\/\/gmestigia.com\/?page_id=88"},"modified":"2025-09-16T14:23:40","modified_gmt":"2025-09-16T20:23:40","slug":"ergolab-evaluacion-de-rendimiento-fisico-en-estigia","status":"publish","type":"page","link":"https:\/\/gmestigia.com\/en\/ergolab-evaluacion-de-rendimiento-fisico-en-estigia\/","title":{"rendered":"ErgoLab: Evaluaci\u00f3n de Rendimiento F\u00edsico en Estigia"},"content":{"rendered":"<p>[et_pb_section fb_built=&#8221;1&#8243; prev_background_color=&#8221;#ffffff&#8221; admin_label=&#8221;Header&#8221; _builder_version=&#8221;4.27.4&#8243; background_color=&#8221;rgba(105,100,100,0.3)&#8221; use_background_color_gradient=&#8221;on&#8221; background_color_gradient_direction=&#8221;90deg&#8221; background_color_gradient_stops=&#8221;#696464 4%|rgba(142,139,142,0.72) 39%|rgba(105,100,100,0.48) 72%|rgba(255,255,255,0.29) 100%&#8221; background_color_gradient_overlays_image=&#8221;on&#8221; background_color_gradient_start=&#8221;#171728&#8243; background_color_gradient_start_position=&#8221;18%&#8221; background_color_gradient_end=&#8221;rgba(255,255,255,0.29)&#8221; background_image=&#8221;https:\/\/gmestigia.com\/wp-content\/uploads\/2025\/06\/Fondo-pattern-estigia.png&#8221; custom_margin=&#8221;||5px|||&#8221; custom_padding=&#8221;5vw|0px|5vw|0px|false|false&#8221; top_divider_style=&#8221;wave2&#8243; top_divider_height=&#8221;70px&#8221; bottom_divider_style=&#8221;wave2&#8243; bottom_divider_color=&#8221;#FFFFFF&#8221; bottom_divider_height=&#8221;70px&#8221; locked=&#8221;off&#8221; global_colors_info=&#8221;{}&#8221; box_shadow_style__hover=&#8221;none&#8221; box_shadow_style__hover_enabled=&#8221;none&#8221; box_shadow_color__hover=&#8221;rgba(0,0,0,0.3)&#8221; box_shadow_color__hover_enabled=&#8221;rgba(0,0,0,0.3)&#8221;][et_pb_row make_equal=&#8221;on&#8221; _builder_version=&#8221;4.27.4&#8243; _module_preset=&#8221;default&#8221; width=&#8221;100%&#8221; width_tablet=&#8221;98%&#8221; width_phone=&#8221;100%&#8221; width_last_edited=&#8221;on|phone&#8221; max_width_tablet=&#8221;&#8221; max_width_phone=&#8221;&#8221; max_width_last_edited=&#8221;on|phone&#8221; module_alignment=&#8221;center&#8221; custom_margin=&#8221;40px|50px||50px|false|false&#8221; custom_margin_tablet=&#8221;65px|65px||65px|false|false&#8221; custom_margin_phone=&#8221;40px|0px||0px|false|false&#8221; custom_margin_last_edited=&#8221;on|desktop&#8221; custom_padding=&#8221;||28px|||&#8221; module_alignment_tablet=&#8221;center&#8221; module_alignment_phone=&#8221;center&#8221; module_alignment_last_edited=&#8221;on|desktop&#8221; global_colors_info=&#8221;{}&#8221;][et_pb_column type=&#8221;4_4&#8243; _builder_version=&#8221;4.27.0&#8243; _module_preset=&#8221;default&#8221; global_colors_info=&#8221;{}&#8221;][et_pb_text _builder_version=&#8221;4.27.4&#8243; _module_preset=&#8221;default&#8221; header_font=&#8221;Begifta|700|||||||&#8221; header_text_align=&#8221;center&#8221; header_text_color=&#8221;#FFFFFF&#8221; header_font_size=&#8221;65px&#8221; header_letter_spacing=&#8221;2px&#8221; header_line_height=&#8221;1.2em&#8221; custom_margin=&#8221;||||false|false&#8221; custom_margin_tablet=&#8221;||||false|false&#8221; custom_margin_phone=&#8221;||||false|false&#8221; custom_margin_last_edited=&#8221;on|desktop&#8221; header_text_align_tablet=&#8221;center&#8221; header_text_align_phone=&#8221;center&#8221; header_text_align_last_edited=&#8221;on|phone&#8221; header_font_size_tablet=&#8221;60px&#8221; header_font_size_phone=&#8221;40px&#8221; header_font_size_last_edited=&#8221;on|phone&#8221; header_line_height_tablet=&#8221;&#8221; header_line_height_phone=&#8221;1.2em&#8221; header_line_height_last_edited=&#8221;on|phone&#8221; text_orientation_tablet=&#8221;&#8221; text_orientation_phone=&#8221;left&#8221; text_orientation_last_edited=&#8221;on|phone&#8221; header_text_shadow_style=&#8221;preset1&#8243; global_colors_info=&#8221;{}&#8221;]<\/p>\n<h1>ErgoLab: Evaluaci\u00f3n de Rendimiento<\/h1>\n<p>[\/et_pb_text][\/et_pb_column][\/et_pb_row][et_pb_row custom_padding_last_edited=&#8221;on|phone&#8221; _builder_version=&#8221;4.27.4&#8243; _module_preset=&#8221;default&#8221; width=&#8221;66%&#8221; custom_padding=&#8221;10px||6px|||&#8221; custom_padding_tablet=&#8221;10px||6px|||&#8221; custom_padding_phone=&#8221;10px||25px||false|false&#8221; global_colors_info=&#8221;{}&#8221;][et_pb_column type=&#8221;4_4&#8243; _builder_version=&#8221;4.27.0&#8243; _module_preset=&#8221;default&#8221; global_colors_info=&#8221;{}&#8221;][et_pb_text _builder_version=&#8221;4.27.4&#8243; _module_preset=&#8221;default&#8221; header_2_font=&#8221;|600|||||||&#8221; header_2_text_align=&#8221;center&#8221; header_2_text_color=&#8221;#FFFFFF&#8221; header_2_line_height=&#8221;1.5em&#8221; header_2_font_size_tablet=&#8221;&#8221; header_2_font_size_phone=&#8221;20px&#8221; header_2_font_size_last_edited=&#8221;on|phone&#8221; header_2_line_height_tablet=&#8221;1.5em&#8221; header_2_line_height_phone=&#8221;1.2em&#8221; header_2_line_height_last_edited=&#8221;on|phone&#8221; header_2_text_shadow_style=&#8221;preset1&#8243; global_colors_info=&#8221;{}&#8221;]<\/p>\n<h2>\u00a0Evaluaci\u00f3n de Rendimiento F\u00edsico en Estigia<\/h2>\n<p>[\/et_pb_text][et_pb_button button_url=&#8221;https:\/\/wa.link\/rhoalr&#8221; url_new_window=&#8221;on&#8221; button_text=&#8221;Agenda tu cita&#8221; button_alignment=&#8221;center&#8221; _builder_version=&#8221;4.27.4&#8243; custom_button=&#8221;on&#8221; button_text_size=&#8221;16px&#8221; button_text_color=&#8221;#ffffff&#8221; button_bg_color=&#8221;#696464&#8243; button_border_color=&#8221;rgba(0,0,0,0)&#8221; button_border_radius=&#8221;10px&#8221; button_font=&#8221;||||||||&#8221; button_use_icon=&#8221;off&#8221; background_layout=&#8221;dark&#8221; custom_margin=&#8221;14px|||||&#8221; custom_padding=&#8221;12px|24px|12px|24px|true|true&#8221; saved_tabs=&#8221;all&#8221; locked=&#8221;off&#8221; global_colors_info=&#8221;{}&#8221; button_bg_color__hover=&#8221;#0d2656&#8243; button_bg_color__hover_enabled=&#8221;on|hover&#8221; button_bg_enable_color__hover=&#8221;on&#8221; global_module=&#8221;298&#8243; theme_builder_area=&#8221;post_content&#8221;][\/et_pb_button][\/et_pb_column][\/et_pb_row][\/et_pb_section][et_pb_section fb_built=&#8221;1&#8243; admin_label=&#8221;Service&#8221; _builder_version=&#8221;4.20.0&#8243; _module_preset=&#8221;default&#8221; custom_padding=&#8221;12px||23px|||&#8221; saved_tabs=&#8221;all&#8221; collapsed=&#8221;on&#8221; global_colors_info=&#8221;{}&#8221;][et_pb_row column_structure=&#8221;1_2,1_2&#8243; _builder_version=&#8221;4.20.0&#8243; _module_preset=&#8221;default&#8221; custom_padding=&#8221;||12px|||&#8221; global_colors_info=&#8221;{}&#8221;][et_pb_column type=&#8221;1_2&#8243; _builder_version=&#8221;4.20.0&#8243; _module_preset=&#8221;default&#8221; custom_padding=&#8221;60px||60px||true|false&#8221; custom_padding_tablet=&#8221;0px||0px||true|false&#8221; custom_padding_phone=&#8221;0px||0px||true|false&#8221; custom_padding_last_edited=&#8221;on|desktop&#8221; global_colors_info=&#8221;{}&#8221;][et_pb_text _builder_version=&#8221;4.27.4&#8243; _module_preset=&#8221;0d90bd50-5bde-4a75-93f6-e9dc897b7d8c&#8221; text_font=&#8221;||||||||&#8221; text_text_color=&#8221;#696464&#8243; text_font_size=&#8221;16px&#8221; global_colors_info=&#8221;{}&#8221;]<\/p>\n<p><span style=\"font-weight: 400;\">En Estigia, el <\/span><b>diagn\u00f3stico preciso<\/b><span style=\"font-weight: 400;\"> es la base para optimizar tu rendimiento y mejorar tu salud. Nuestro <\/span><b>ErgoLab<\/b><span style=\"font-weight: 400;\"> es un laboratorio de evaluaci\u00f3n f\u00edsica avanzada, equipado con tecnolog\u00eda de punta para ofrecerte una comprensi\u00f3n profunda de tu condici\u00f3n cardiovascular y metab\u00f3lica.\u00a0<\/span><\/p>\n<p><span style=\"font-weight: 400;\">Estas pruebas de esfuerzo son herramientas esenciales no solo para deportistas que buscan optimizar su rendimiento, sino para cualquier persona que desee entender y mejorar su salud general.\u00a0<\/span><\/p>\n<p>&nbsp;<\/p>\n<p>[\/et_pb_text][\/et_pb_column][et_pb_column type=&#8221;1_2&#8243; _builder_version=&#8221;4.20.0&#8243; _module_preset=&#8221;default&#8221; global_colors_info=&#8221;{}&#8221;][et_pb_image src=&#8221;https:\/\/gmestigia.com\/wp-content\/uploads\/2025\/06\/estigia-expertos-en-estudios-cardiologicos.-imagen-de-un-electrocardiograma-con-electrodos-medicos-simbolo-de-diagnostico-preciso-y-tecnologia-avanzada-en-playa-del-carmen.png&#8221; title_text=&#8221;physical-therapist-16&#8243; _builder_version=&#8221;4.27.4&#8243; _module_preset=&#8221;default&#8221; animation_style=&#8221;fade&#8221; scroll_vertical_motion=&#8221;0|50|50|100|1|0|-1&#8243; border_radii=&#8221;on|25px|25px|25px|25px&#8221; box_shadow_style=&#8221;preset3&#8243; global_colors_info=&#8221;{}&#8221;][\/et_pb_image][\/et_pb_column][\/et_pb_row][et_pb_row _builder_version=&#8221;4.27.4&#8243; _module_preset=&#8221;default&#8221; global_colors_info=&#8221;{}&#8221;][et_pb_column type=&#8221;4_4&#8243; _builder_version=&#8221;4.27.4&#8243; _module_preset=&#8221;default&#8221; global_colors_info=&#8221;{}&#8221;][et_pb_text _builder_version=&#8221;4.27.4&#8243; _module_preset=&#8221;default&#8221; header_5_text_align=&#8221;center&#8221; global_colors_info=&#8221;{}&#8221;]<\/p>\n<h5><b>Un diagn\u00f3stico certero es crucial para dise\u00f1ar un plan de acci\u00f3n efectivo.<\/b><\/h5>\n<p>[\/et_pb_text][\/et_pb_column][\/et_pb_row][\/et_pb_section][et_pb_section fb_built=&#8221;1&#8243; admin_label=&#8221;Service&#8221; _builder_version=&#8221;4.27.0&#8243; _module_preset=&#8221;default&#8221; background_color=&#8221;rgba(105,100,100,0.1)&#8221; background_image=&#8221;https:\/\/gmestigia.com\/wp-content\/uploads\/2025\/06\/Fondo-pattern-estigia.png&#8221; border_width_top=&#8221;1px&#8221; border_color_top=&#8221;rgba(105,100,100,0.62)&#8221; saved_tabs=&#8221;all&#8221; locked=&#8221;off&#8221; collapsed=&#8221;on&#8221; global_colors_info=&#8221;{}&#8221;][et_pb_row _builder_version=&#8221;4.27.0&#8243; _module_preset=&#8221;default&#8221; background_color=&#8221;#FFFFFF&#8221; custom_padding=&#8221;|15px||15px|false|true&#8221; border_radii=&#8221;on|25px|25px|25px|25px&#8221; box_shadow_style=&#8221;preset3&#8243; global_colors_info=&#8221;{}&#8221;][et_pb_column type=&#8221;4_4&#8243; _builder_version=&#8221;4.27.0&#8243; _module_preset=&#8221;default&#8221; global_colors_info=&#8221;{}&#8221;][et_pb_text _builder_version=&#8221;4.27.0&#8243; _module_preset=&#8221;80531ab4-8ec2-4b17-aacd-305e0005fd3f&#8221; header_5_font=&#8221;Begifta|500|||||||&#8221; header_5_text_color=&#8221;#696464&#8243; header_5_font_size=&#8221;28px&#8221; header_5_letter_spacing=&#8221;2px&#8221; text_orientation=&#8221;center&#8221; custom_margin=&#8221;||0px||false|false&#8221; global_colors_info=&#8221;{}&#8221;]<\/p>\n<h5><b>Pruebas de Esfuerzo Cardiol\u00f3gicas y Metab\u00f3licas<\/b><\/h5>\n<p>[\/et_pb_text][et_pb_text _builder_version=&#8221;4.27.0&#8243; _module_preset=&#8221;default&#8221; text_text_color=&#8221;#696464&#8243; text_font_size=&#8221;16px&#8221; text_line_height=&#8221;1.9em&#8221; locked=&#8221;off&#8221; global_colors_info=&#8221;{}&#8221;]<\/p>\n<p><span style=\"font-weight: 400;\">Ofrecemos evaluaciones completas para monitorear c\u00f3mo tu coraz\u00f3n y metabolismo responden al esfuerzo:<\/span><\/p>\n<p>[\/et_pb_text][\/et_pb_column][\/et_pb_row][et_pb_row column_structure=&#8221;3_5,2_5&#8243; _builder_version=&#8221;4.27.0&#8243; _module_preset=&#8221;default&#8221; background_color=&#8221;#FFFFFF&#8221; custom_margin=&#8221;10px|auto||auto||&#8221; custom_padding=&#8221;|15px||15px|false|true&#8221; border_radii=&#8221;on|25px|25px|25px|25px&#8221; box_shadow_style=&#8221;preset3&#8243; global_colors_info=&#8221;{}&#8221;][et_pb_column type=&#8221;3_5&#8243; _builder_version=&#8221;4.27.0&#8243; _module_preset=&#8221;default&#8221; global_colors_info=&#8221;{}&#8221;][et_pb_text _builder_version=&#8221;4.27.4&#8243; _module_preset=&#8221;default&#8221; text_text_color=&#8221;#696464&#8243; text_font_size=&#8221;16px&#8221; text_line_height=&#8221;1.9em&#8221; locked=&#8221;off&#8221; global_colors_info=&#8221;{}&#8221;]<\/p>\n<ul>\n<li><b>Prueba de Esfuerzo Cardiol\u00f3gica:<\/b><span style=\"font-weight: 400;\"> Monitoreamos la actividad el\u00e9ctrica de tu coraz\u00f3n en tiempo real (con sensores y electrocardiograma) mientras realizas ejercicio en una caminadora. Esto nos permite determinar la seguridad de tu pr\u00e1ctica deportiva y establecer tus <\/span><b>zonas de entrenamiento<\/b><span style=\"font-weight: 400;\"> precisas, siendo fundamental incluso para <\/span><b>rehabilitaci\u00f3n card\u00edaca y respiratoria<\/b><span style=\"font-weight: 400;\">. <\/span><\/li>\n<\/ul>\n<p>[\/et_pb_text][et_pb_text _builder_version=&#8221;4.27.4&#8243; _module_preset=&#8221;default&#8221; text_text_color=&#8221;#696464&#8243; text_font_size=&#8221;16px&#8221; text_line_height=&#8221;1.9em&#8221; locked=&#8221;off&#8221; global_colors_info=&#8221;{}&#8221;]<\/p>\n<ul>\n<li><b>Prueba de Esfuerzo Metab\u00f3lica (Ergometr\u00eda):<\/b><span style=\"font-weight: 400;\"> Utilizando un <\/span><b>metabol\u00edmetro<\/b><span style=\"font-weight: 400;\"> (mascarilla con analizador de gases), analizamos tu consumo de ox\u00edgeno y producci\u00f3n de di\u00f3xido de carbono en reposo y durante el ejercicio. Esta prueba revela tus <\/span><b>umbrales metab\u00f3licos<\/b><span style=\"font-weight: 400;\"> (aer\u00f3bico y anaer\u00f3bico), informaci\u00f3n crucial para <\/span>un dise\u00f1o de entrenamiento eficiente. Es invaluable para pacientes con condiciones hormonales que ralentizan el metabolismo (como el hipotiroidismo), permitiendo optimizar sus planes de ejercicio y alimentaci\u00f3n.<\/li>\n<\/ul>\n<p>[\/et_pb_text][et_pb_text _builder_version=&#8221;4.27.4&#8243; _module_preset=&#8221;default&#8221; text_text_color=&#8221;#696464&#8243; text_font_size=&#8221;16px&#8221; text_line_height=&#8221;1.9em&#8221; locked=&#8221;off&#8221; global_colors_info=&#8221;{}&#8221;]<\/p>\n<ul>\n<li style=\"font-weight: 400;\" aria-level=\"1\"><b>Prueba de Esfuerzo Combinada:<\/b><span style=\"font-weight: 400;\"> Para una evaluaci\u00f3n integral, combinamos ambas mediciones, obteniendo informaci\u00f3n simult\u00e1nea de tus sistemas cardiovascular y metab\u00f3lico para un diagn\u00f3stico m\u00e1s completo y preciso.<\/span><\/li>\n<\/ul>\n<p>[\/et_pb_text][\/et_pb_column][et_pb_column type=&#8221;2_5&#8243; _builder_version=&#8221;4.27.0&#8243; _module_preset=&#8221;default&#8221; global_colors_info=&#8221;{}&#8221;][et_pb_image src=&#8221;https:\/\/gmestigia.com\/wp-content\/uploads\/2025\/06\/pantalla-y-trazo-de-monitor-cardiaco-en-estigia.-tecnologia-de-punta-para-evaluacion-del-ritmo-cardiaco-frecuencia-y-respuesta-al-esfuerzo-fisico-en-playa-del-carmen.png&#8221; _builder_version=&#8221;4.27.4&#8243; _module_preset=&#8221;default&#8221; animation_style=&#8221;fade&#8221; border_radii=&#8221;on|25px|25px|25px|25px&#8221; box_shadow_style=&#8221;preset3&#8243; global_colors_info=&#8221;{}&#8221;][\/et_pb_image][\/et_pb_column][\/et_pb_row][et_pb_row _builder_version=&#8221;4.27.4&#8243; _module_preset=&#8221;default&#8221; background_color=&#8221;#FFFFFF&#8221; width=&#8221;60%&#8221; custom_margin=&#8221;15px||||false|false&#8221; animation_style=&#8221;fade&#8221; border_radii=&#8221;on|25px|25px|25px|25px&#8221; box_shadow_style=&#8221;preset2&#8243; global_colors_info=&#8221;{}&#8221;][et_pb_column type=&#8221;4_4&#8243; _builder_version=&#8221;4.27.4&#8243; _module_preset=&#8221;default&#8221; global_colors_info=&#8221;{}&#8221;][et_pb_text _builder_version=&#8221;4.27.4&#8243; _module_preset=&#8221;default&#8221; text_font_size=&#8221;16px&#8221; text_orientation=&#8221;center&#8221; hover_enabled=&#8221;0&#8243; global_colors_info=&#8221;{}&#8221; sticky_enabled=&#8221;0&#8243;]<\/p>\n<p><span style=\"font-weight: 400;\">Tu salud inicia con un diagn\u00f3stico preciso.<\/span><\/p>\n<p>[\/et_pb_text][et_pb_button button_url=&#8221;https:\/\/wa.link\/rhoalr&#8221; url_new_window=&#8221;on&#8221; button_text=&#8221;Solicita tu Diagn\u00f3stico&#8221; button_alignment=&#8221;center&#8221; _builder_version=&#8221;4.27.4&#8243; custom_button=&#8221;on&#8221; button_text_size=&#8221;18px&#8221; button_text_color=&#8221;#ffffff&#8221; button_bg_color=&#8221;#696464&#8243; button_border_color=&#8221;rgba(0,0,0,0)&#8221; button_border_radius=&#8221;10px&#8221; button_font=&#8221;||||||||&#8221; button_use_icon=&#8221;off&#8221; background_layout=&#8221;dark&#8221; custom_margin=&#8221;5px||||false|false&#8221; custom_padding=&#8221;12px|24px|12px|24px|true|true&#8221; hover_enabled=&#8221;0&#8243; saved_tabs=&#8221;all&#8221; locked=&#8221;off&#8221; global_colors_info=&#8221;{}&#8221; button_bg_color__hover=&#8221;#0d2656&#8243; button_bg_color__hover_enabled=&#8221;on|hover&#8221; button_bg_enable_color__hover=&#8221;on&#8221; sticky_enabled=&#8221;0&#8243;][\/et_pb_button][\/et_pb_column][\/et_pb_row][\/et_pb_section][et_pb_section fb_built=&#8221;1&#8243; admin_label=&#8221;Service&#8221; _builder_version=&#8221;4.27.0&#8243; _module_preset=&#8221;default&#8221; border_width_top=&#8221;1px&#8221; border_color_top=&#8221;rgba(105,100,100,0.62)&#8221; saved_tabs=&#8221;all&#8221; locked=&#8221;off&#8221; collapsed=&#8221;on&#8221; global_colors_info=&#8221;{}&#8221;][et_pb_row column_structure=&#8221;1_3,2_3&#8243; _builder_version=&#8221;4.20.0&#8243; _module_preset=&#8221;default&#8221; global_colors_info=&#8221;{}&#8221;][et_pb_column type=&#8221;1_3&#8243; _builder_version=&#8221;4.20.0&#8243; _module_preset=&#8221;default&#8221; global_colors_info=&#8221;{}&#8221;][et_pb_image src=&#8221;https:\/\/gmestigia.com\/wp-content\/uploads\/2025\/06\/valoracion-medica-con-prueba-de-esfuerzo-en-estigia.-evaluacion-cardiopulmonar-avanzada-para-deportistas-y-pacientes-con-riesgo-cardiovascular.png&#8221; title_text=&#8221;physical-therapist-57&#8243; _builder_version=&#8221;4.27.4&#8243; _module_preset=&#8221;default&#8221; animation_style=&#8221;fade&#8221; animation_direction=&#8221;right&#8221; scroll_vertical_motion=&#8221;0|50|50|100|1|0|-1&#8243; border_radii=&#8221;on|25px|25px|25px|25px&#8221; box_shadow_style=&#8221;preset3&#8243; global_colors_info=&#8221;{}&#8221;][\/et_pb_image][\/et_pb_column][et_pb_column type=&#8221;2_3&#8243; _builder_version=&#8221;4.20.0&#8243; _module_preset=&#8221;default&#8221; global_colors_info=&#8221;{}&#8221;][et_pb_text _builder_version=&#8221;4.27.4&#8243; _module_preset=&#8221;80531ab4-8ec2-4b17-aacd-305e0005fd3f&#8221; header_5_font=&#8221;Begifta|500|||||||&#8221; header_5_text_color=&#8221;#696464&#8243; header_5_font_size=&#8221;28px&#8221; header_5_letter_spacing=&#8221;2px&#8221; text_orientation=&#8221;center&#8221; custom_margin=&#8221;45px||0px||false|false&#8221; locked=&#8221;off&#8221; global_colors_info=&#8221;{}&#8221;]<\/p>\n<h5><b>An\u00e1lisis Biomec\u00e1nico de la Marcha <\/b><b><\/b><\/h5>\n<p>[\/et_pb_text][et_pb_text _builder_version=&#8221;4.27.4&#8243; _module_preset=&#8221;default&#8221; text_text_color=&#8221;#696464&#8243; text_font_size=&#8221;16px&#8221; text_line_height=&#8221;1.9em&#8221; custom_margin=&#8221;46px|||||&#8221; locked=&#8221;off&#8221; global_colors_info=&#8221;{}&#8221;]<\/p>\n<p><span style=\"font-weight: 400;\">El origen de algunos dolores, principalmente en miembros inferiores, se relaciona directamente con la <\/span><b>biomec\u00e1nica de tu marcha<\/b><span style=\"font-weight: 400;\">. Para identificar posibles desbalances, nuestro m\u00e9dico del deporte realiza una prueba sencilla con ayuda de una caminadora, y apoyo fotogr\u00e1fico y de video en c\u00e1mara lenta.<\/span><\/p>\n<p><span style=\"font-weight: 400;\">Al observar tus patrones de marcha al caminar, trotar y correr, podemos <\/span><b>diagnosticar, por ejemplo, si tienes una pisada pronadora o supinadora<\/b><span style=\"font-weight: 400;\"> y c\u00f3mo esto puede afectar tus entrenamientos, generando zonas de sobrecarga y dolor. Con este an\u00e1lisis, te brindaremos recomendaciones pertinentes, siempre <\/span><b>basadas en el estudio biomec\u00e1nico<\/b><span style=\"font-weight: 400;\"> para una intervenci\u00f3n efectiva.<\/span><\/p>\n<p><span style=\"font-weight: 400;\">En Estigia, cada evaluaci\u00f3n en ErgoLab es un <\/span><b>diagn\u00f3stico integral<\/b><span style=\"font-weight: 400;\"> que te empodera con el conocimiento necesario para tomar el control de tu salud y rendimiento.<\/span><\/p>\n<p>[\/et_pb_text][et_pb_button button_url=&#8221;https:\/\/wa.link\/rhoalr&#8221; url_new_window=&#8221;on&#8221; button_text=&#8221;\u00bfYa tienes tu diagn\u00f3stico?&#8221; button_alignment=&#8221;center&#8221; _builder_version=&#8221;4.27.4&#8243; custom_button=&#8221;on&#8221; button_text_size=&#8221;18px&#8221; button_text_color=&#8221;#ffffff&#8221; button_bg_color=&#8221;#696464&#8243; button_border_color=&#8221;rgba(0,0,0,0)&#8221; button_border_radius=&#8221;10px&#8221; button_font=&#8221;||||||||&#8221; button_use_icon=&#8221;off&#8221; background_layout=&#8221;dark&#8221; custom_margin=&#8221;40px||&#8221; custom_padding=&#8221;12px|24px|12px|24px|true|true&#8221; hover_enabled=&#8221;0&#8243; saved_tabs=&#8221;all&#8221; locked=&#8221;off&#8221; global_colors_info=&#8221;{}&#8221; button_bg_color__hover=&#8221;#0d2656&#8243; button_bg_color__hover_enabled=&#8221;on|hover&#8221; button_bg_enable_color__hover=&#8221;on&#8221; sticky_enabled=&#8221;0&#8243;][\/et_pb_button][et_pb_text _builder_version=&#8221;4.27.4&#8243; _module_preset=&#8221;default&#8221; text_font_size=&#8221;16px&#8221; text_orientation=&#8221;center&#8221; global_colors_info=&#8221;{}&#8221;]<\/p>\n<p><span style=\"font-weight: 400;\">Tu salud inicia con un diagn\u00f3stico preciso.<\/span><\/p>\n<p>[\/et_pb_text][\/et_pb_column][\/et_pb_row][\/et_pb_section]<\/p>\n","protected":false},"excerpt":{"rendered":"<p>ErgoLab: Evaluaci\u00f3n de Rendimiento\u00a0Evaluaci\u00f3n de Rendimiento F\u00edsico en EstigiaEn Estigia, el diagn\u00f3stico preciso es la base para optimizar tu rendimiento y mejorar tu salud. Nuestro ErgoLab es un laboratorio de evaluaci\u00f3n f\u00edsica avanzada, equipado con tecnolog\u00eda de punta para ofrecerte una comprensi\u00f3n profunda de tu condici\u00f3n cardiovascular y metab\u00f3lica.\u00a0 Estas pruebas de esfuerzo son herramientas [&hellip;]<\/p>\n","protected":false},"author":2,"featured_media":0,"parent":0,"menu_order":0,"comment_status":"closed","ping_status":"closed","template":"","meta":{"_et_pb_use_builder":"on","_et_pb_old_content":"","_et_gb_content_width":"","footnotes":""},"class_list":["post-88","page","type-page","status-publish","hentry"],"_links":{"self":[{"href":"https:\/\/gmestigia.com\/en\/wp-json\/wp\/v2\/pages\/88","targetHints":{"allow":["GET"]}}],"collection":[{"href":"https:\/\/gmestigia.com\/en\/wp-json\/wp\/v2\/pages"}],"about":[{"href":"https:\/\/gmestigia.com\/en\/wp-json\/wp\/v2\/types\/page"}],"author":[{"embeddable":true,"href":"https:\/\/gmestigia.com\/en\/wp-json\/wp\/v2\/users\/2"}],"replies":[{"embeddable":true,"href":"https:\/\/gmestigia.com\/en\/wp-json\/wp\/v2\/comments?post=88"}],"version-history":[{"count":26,"href":"https:\/\/gmestigia.com\/en\/wp-json\/wp\/v2\/pages\/88\/revisions"}],"predecessor-version":[{"id":910,"href":"https:\/\/gmestigia.com\/en\/wp-json\/wp\/v2\/pages\/88\/revisions\/910"}],"wp:attachment":[{"href":"https:\/\/gmestigia.com\/en\/wp-json\/wp\/v2\/media?parent=88"}],"curies":[{"name":"wp","href":"https:\/\/api.w.org\/{rel}","templated":true}]}}