{"id":79,"date":"2025-04-24T09:28:02","date_gmt":"2025-04-24T15:28:02","guid":{"rendered":"https:\/\/gmestigia.com\/?page_id=79"},"modified":"2025-09-16T21:33:21","modified_gmt":"2025-09-17T03:33:21","slug":"fisioterapia-y-rehabilitacion","status":"publish","type":"page","link":"https:\/\/gmestigia.com\/en\/fisioterapia-y-rehabilitacion\/","title":{"rendered":"Physiotherapy and Rehabilitation"},"content":{"rendered":"<p>[et_pb_section fb_built=&#8221;1&#8243; prev_background_color=&#8221;#ffffff&#8221; admin_label=&#8221;Header&#8221; _builder_version=&#8221;4.27.4&#8243; background_color=&#8221;rgba(105,100,100,0.3)&#8221; use_background_color_gradient=&#8221;on&#8221; background_color_gradient_direction=&#8221;90deg&#8221; background_color_gradient_stops=&#8221;#696464 4%|rgba(142,139,142,0.72) 39%|rgba(105,100,100,0.48) 72%|rgba(255,255,255,0.29) 100%&#8221; background_color_gradient_overlays_image=&#8221;on&#8221; background_color_gradient_start=&#8221;#171728&#8243; background_color_gradient_start_position=&#8221;18%&#8221; background_color_gradient_end=&#8221;rgba(255,255,255,0.29)&#8221; background_image=&#8221;https:\/\/gmestigia.com\/wp-content\/uploads\/2025\/06\/Fondo-pattern-estigia.png&#8221; custom_margin=&#8221;||5px|||&#8221; custom_padding=&#8221;5vw|0px|5vw|0px|false|false&#8221; top_divider_style=&#8221;wave2&#8243; top_divider_height=&#8221;70px&#8221; bottom_divider_style=&#8221;wave2&#8243; bottom_divider_color=&#8221;#FFFFFF&#8221; bottom_divider_height=&#8221;70px&#8221; locked=&#8221;off&#8221; global_colors_info=&#8221;{}&#8221; box_shadow_style__hover=&#8221;none&#8221; box_shadow_style__hover_enabled=&#8221;none&#8221; box_shadow_color__hover=&#8221;rgba(0,0,0,0.3)&#8221; box_shadow_color__hover_enabled=&#8221;rgba(0,0,0,0.3)&#8221;][et_pb_row make_equal=&#8221;on&#8221; _builder_version=&#8221;4.27.4&#8243; _module_preset=&#8221;default&#8221; width=&#8221;100%&#8221; width_tablet=&#8221;98%&#8221; width_phone=&#8221;100%&#8221; width_last_edited=&#8221;on|phone&#8221; max_width_tablet=&#8221;&#8221; max_width_phone=&#8221;&#8221; max_width_last_edited=&#8221;on|phone&#8221; module_alignment=&#8221;center&#8221; custom_margin=&#8221;40px|50px||50px|false|false&#8221; custom_margin_tablet=&#8221;65px|65px||65px|false|false&#8221; custom_margin_phone=&#8221;40px|0px||0px|false|false&#8221; custom_margin_last_edited=&#8221;on|desktop&#8221; custom_padding=&#8221;||28px|||&#8221; module_alignment_tablet=&#8221;center&#8221; module_alignment_phone=&#8221;center&#8221; module_alignment_last_edited=&#8221;on|desktop&#8221; global_colors_info=&#8221;{}&#8221;][et_pb_column type=&#8221;4_4&#8243; _builder_version=&#8221;4.27.0&#8243; _module_preset=&#8221;default&#8221; global_colors_info=&#8221;{}&#8221;][et_pb_text _builder_version=&#8221;4.27.4&#8243; _module_preset=&#8221;default&#8221; header_font=&#8221;Begifta|700|||||||&#8221; header_text_align=&#8221;center&#8221; header_text_color=&#8221;#FFFFFF&#8221; header_font_size=&#8221;65px&#8221; header_letter_spacing=&#8221;2px&#8221; header_line_height=&#8221;1.2em&#8221; custom_margin=&#8221;||||false|false&#8221; custom_margin_tablet=&#8221;||||false|false&#8221; custom_margin_phone=&#8221;||||false|false&#8221; custom_margin_last_edited=&#8221;on|desktop&#8221; header_text_align_tablet=&#8221;center&#8221; header_text_align_phone=&#8221;center&#8221; header_text_align_last_edited=&#8221;on|phone&#8221; header_font_size_tablet=&#8221;60px&#8221; header_font_size_phone=&#8221;40px&#8221; header_font_size_last_edited=&#8221;on|phone&#8221; header_line_height_tablet=&#8221;&#8221; header_line_height_phone=&#8221;1.2em&#8221; header_line_height_last_edited=&#8221;on|phone&#8221; text_orientation_tablet=&#8221;&#8221; text_orientation_phone=&#8221;left&#8221; text_orientation_last_edited=&#8221;on|phone&#8221; header_text_shadow_style=&#8221;preset1&#8243; global_colors_info=&#8221;{}&#8221;]<\/p>\n<h1>Fisioterapia y Rehabilitaci\u00f3n<\/h1>\n<p>[\/et_pb_text][\/et_pb_column][\/et_pb_row][et_pb_row custom_padding_last_edited=&#8221;on|phone&#8221; _builder_version=&#8221;4.27.4&#8243; _module_preset=&#8221;default&#8221; width=&#8221;66%&#8221; custom_padding=&#8221;10px||6px|||&#8221; custom_padding_tablet=&#8221;10px||6px|||&#8221; custom_padding_phone=&#8221;10px||25px||false|false&#8221; global_colors_info=&#8221;{}&#8221;][et_pb_column type=&#8221;4_4&#8243; _builder_version=&#8221;4.27.0&#8243; _module_preset=&#8221;default&#8221; global_colors_info=&#8221;{}&#8221;][et_pb_text _builder_version=&#8221;4.27.4&#8243; _module_preset=&#8221;default&#8221; header_2_font=&#8221;|600|||||||&#8221; header_2_text_align=&#8221;center&#8221; header_2_text_color=&#8221;#FFFFFF&#8221; header_2_line_height=&#8221;1.5em&#8221; header_2_font_size_tablet=&#8221;&#8221; header_2_font_size_phone=&#8221;20px&#8221; header_2_font_size_last_edited=&#8221;on|phone&#8221; header_2_line_height_tablet=&#8221;1.5em&#8221; header_2_line_height_phone=&#8221;1.2em&#8221; header_2_line_height_last_edited=&#8221;on|phone&#8221; header_2_text_shadow_style=&#8221;preset1&#8243; global_colors_info=&#8221;{}&#8221;]<\/p>\n<h2>Recupera tu movimiento, alivia tu dolor.<\/h2>\n<p>[\/et_pb_text][et_pb_button button_url=&#8221;https:\/\/wa.link\/rhoalr&#8221; url_new_window=&#8221;on&#8221; button_text=&#8221;Agenda tu cita&#8221; button_alignment=&#8221;center&#8221; _builder_version=&#8221;4.27.4&#8243; custom_button=&#8221;on&#8221; button_text_size=&#8221;16px&#8221; button_text_color=&#8221;#ffffff&#8221; button_bg_color=&#8221;#696464&#8243; button_border_color=&#8221;rgba(0,0,0,0)&#8221; button_border_radius=&#8221;10px&#8221; button_font=&#8221;||||||||&#8221; button_use_icon=&#8221;off&#8221; background_layout=&#8221;dark&#8221; custom_margin=&#8221;14px|||||&#8221; custom_padding=&#8221;12px|24px|12px|24px|true|true&#8221; saved_tabs=&#8221;all&#8221; locked=&#8221;off&#8221; global_colors_info=&#8221;{}&#8221; button_bg_color__hover=&#8221;#0d2656&#8243; button_bg_color__hover_enabled=&#8221;on|hover&#8221; button_bg_enable_color__hover=&#8221;on&#8221; global_module=&#8221;298&#8243; theme_builder_area=&#8221;post_content&#8221;][\/et_pb_button][\/et_pb_column][\/et_pb_row][\/et_pb_section][et_pb_section fb_built=&#8221;1&#8243; admin_label=&#8221;Service&#8221; _builder_version=&#8221;4.27.4&#8243; _module_preset=&#8221;default&#8221; custom_padding=&#8221;8px|||||&#8221; border_color_top=&#8221;rgba(105,100,100,0.62)&#8221; saved_tabs=&#8221;all&#8221; locked=&#8221;off&#8221; collapsed=&#8221;on&#8221; global_colors_info=&#8221;{}&#8221;][et_pb_row module_id=&#8221;redcordseccion&#8221; _builder_version=&#8221;4.27.4&#8243; _module_preset=&#8221;default&#8221; global_colors_info=&#8221;{}&#8221;][et_pb_column type=&#8221;4_4&#8243; _builder_version=&#8221;4.20.0&#8243; _module_preset=&#8221;default&#8221; global_colors_info=&#8221;{}&#8221;][et_pb_text _builder_version=&#8221;4.27.4&#8243; _module_preset=&#8221;80531ab4-8ec2-4b17-aacd-305e0005fd3f&#8221; header_5_font=&#8221;Begifta|500|||||||&#8221; header_5_text_color=&#8221;#696464&#8243; header_5_font_size=&#8221;28px&#8221; header_5_letter_spacing=&#8221;2px&#8221; text_orientation=&#8221;center&#8221; custom_margin=&#8221;14px||0px||false|false&#8221; locked=&#8221;off&#8221; global_colors_info=&#8221;{}&#8221;]<\/p>\n<h5><b>Fisioterapia de Vanguardia<\/b><\/h5>\n<p>[\/et_pb_text][et_pb_text _builder_version=&#8221;4.27.4&#8243; _module_preset=&#8221;default&#8221; global_colors_info=&#8221;{}&#8221;]<\/p>\n<p><span style=\"font-weight: 400;\">En <\/span><b>Estigia<\/b><span style=\"font-weight: 400;\">, tu recuperaci\u00f3n es un proceso guiado y progresivo, adaptado a tus necesidades:<\/span><\/p>\n<p>[\/et_pb_text][\/et_pb_column][\/et_pb_row][et_pb_row column_structure=&#8221;3_5,2_5&#8243; _builder_version=&#8221;4.27.0&#8243; _module_preset=&#8221;default&#8221; global_colors_info=&#8221;{}&#8221;][et_pb_column type=&#8221;3_5&#8243; _builder_version=&#8221;4.27.0&#8243; _module_preset=&#8221;default&#8221; global_colors_info=&#8221;{}&#8221;][et_pb_text _builder_version=&#8221;4.27.4&#8243; _module_preset=&#8221;default&#8221; text_text_color=&#8221;#696464&#8243; text_font_size=&#8221;16px&#8221; text_line_height=&#8221;1.9em&#8221; locked=&#8221;off&#8221; global_colors_info=&#8221;{}&#8221;]<\/p>\n<ul>\n<li style=\"font-weight: 400;\" aria-level=\"1\"><b>Fase 1: Alivio y Reparaci\u00f3n Inicial:<\/b><span style=\"font-weight: 400;\"> Aplicamos <\/span><b>medios f\u00edsicos<\/b><span style=\"font-weight: 400;\"> de \u00faltima generaci\u00f3n como <\/span><b>microcorriente el\u00e9ctrica, ultrasonido, l\u00e1ser, onda de choque, magnetoterapia, calor y fr\u00edo<\/b><span style=\"font-weight: 400;\">. Estos tratamientos est\u00e1n dise\u00f1ados para reducir la inflamaci\u00f3n, disminuir el dolor y activar los procesos naturales de curaci\u00f3n de tus tejidos.<\/span><\/li>\n<li style=\"font-weight: 400;\" aria-level=\"1\"><b>Fase 2: Recuperaci\u00f3n Activa:<\/b><span style=\"font-weight: 400;\"> Una vez que la inflamaci\u00f3n cede, te guiamos a trav\u00e9s de <\/span><b>ejercicios terap\u00e9uticos<\/b><span style=\"font-weight: 400;\"> y <\/span><b>t\u00e9cnicas manuales<\/b><span style=\"font-weight: 400;\"> especializadas para recuperar fuerza, flexibilidad y funcionalidad. Es la etapa donde tu participaci\u00f3n activa es clave.<\/span><\/li>\n<li style=\"font-weight: 400;\" aria-level=\"1\"><b>Fase 3: Readaptaci\u00f3n a la Actividad:<\/b><span style=\"font-weight: 400;\"> Te preparamos para el retorno seguro y progresivo a tus actividades diarias o deportivas, con un enfoque en ejercicios de <\/span><b>recuperaci\u00f3n de fuerza, propiocepci\u00f3n, coordinaci\u00f3n y flexibilidad<\/b><span style=\"font-weight: 400;\">, minimizando el riesgo de futuras reca\u00eddas.<\/span><\/li>\n<\/ul>\n<p>[\/et_pb_text][\/et_pb_column][et_pb_column type=&#8221;2_5&#8243; _builder_version=&#8221;4.27.0&#8243; _module_preset=&#8221;default&#8221; global_colors_info=&#8221;{}&#8221;][et_pb_image src=&#8221;https:\/\/gmestigia.com\/wp-content\/uploads\/2025\/06\/diagnostico-preciso-con-ultrasonido-musculoesqueletico-en-estigia.-detecta-desgarros-inflamacion-o-lesiones-tendinosas-con-tecnologia-de-imagen-en-playa-del-carmen.png&#8221; title_text=&#8221;physical-therapist-57&#8243; _builder_version=&#8221;4.27.4&#8243; _module_preset=&#8221;default&#8221; animation_style=&#8221;fade&#8221; animation_direction=&#8221;left&#8221; scroll_vertical_motion=&#8221;0|50|50|100|1|0|-1&#8243; border_radii=&#8221;on|25px|25px|25px|25px&#8221; box_shadow_style=&#8221;preset3&#8243; global_colors_info=&#8221;{}&#8221;][\/et_pb_image][\/et_pb_column][\/et_pb_row][et_pb_row column_structure=&#8221;2_5,3_5&#8243; _builder_version=&#8221;4.27.4&#8243; _module_preset=&#8221;default&#8221; global_colors_info=&#8221;{}&#8221;][et_pb_column type=&#8221;2_5&#8243; _builder_version=&#8221;4.27.4&#8243; _module_preset=&#8221;default&#8221; global_colors_info=&#8221;{}&#8221;][et_pb_image src=&#8221;https:\/\/gmestigia.com\/wp-content\/uploads\/2025\/06\/Medica-especialista-en-Estigia-lista-para-recibirte.-Atencion-personalizada-diagnostico-preciso-y-tratamiento-integral-en-Playa-del-Carmen.png&#8221; _builder_version=&#8221;4.27.4&#8243; _module_preset=&#8221;default&#8221; animation_style=&#8221;fade&#8221; border_radii=&#8221;on|25px|25px|25px|25px&#8221; box_shadow_style=&#8221;preset2&#8243; global_colors_info=&#8221;{}&#8221;][\/et_pb_image][\/et_pb_column][et_pb_column type=&#8221;3_5&#8243; _builder_version=&#8221;4.27.4&#8243; _module_preset=&#8221;default&#8221; global_colors_info=&#8221;{}&#8221;][et_pb_text _builder_version=&#8221;4.27.4&#8243; _module_preset=&#8221;default&#8221; text_text_color=&#8221;#696464&#8243; text_font_size=&#8221;16px&#8221; text_line_height=&#8221;1.9em&#8221; locked=&#8221;off&#8221; global_colors_info=&#8221;{}&#8221;]<\/p>\n<p><span style=\"font-weight: 400;\">Ofrecemos tambi\u00e9n <\/span><b>fisioterapia avanzada<\/b><span style=\"font-weight: 400;\"> con t\u00e9cnicas como <\/span><b>MEP (microelectr\u00f3lisis percut\u00e1nea), punci\u00f3n seca, electropunci\u00f3n y terapia manual instrumentada<\/b><span style=\"font-weight: 400;\"> para casos que requieren un est\u00edmulo m\u00e1s profundo.\u00a0<\/span><\/p>\n<p>[\/et_pb_text][\/et_pb_column][\/et_pb_row][et_pb_row _builder_version=&#8221;4.27.4&#8243; _module_preset=&#8221;default&#8221; background_color=&#8221;#FFFFFF&#8221; width=&#8221;60%&#8221; custom_margin=&#8221;15px||||false|false&#8221; custom_padding=&#8221;12px||20px|||&#8221; animation_style=&#8221;fade&#8221; border_radii=&#8221;on|25px|25px|25px|25px&#8221; box_shadow_style=&#8221;preset2&#8243; global_colors_info=&#8221;{}&#8221;][et_pb_column type=&#8221;4_4&#8243; _builder_version=&#8221;4.27.4&#8243; _module_preset=&#8221;default&#8221; global_colors_info=&#8221;{}&#8221;][et_pb_text _builder_version=&#8221;4.27.4&#8243; _module_preset=&#8221;default&#8221; text_text_color=&#8221;#696464&#8243; text_font_size=&#8221;16px&#8221; text_line_height=&#8221;1.9em&#8221; text_orientation=&#8221;center&#8221; custom_margin=&#8221;||5px|||&#8221; locked=&#8221;off&#8221; global_colors_info=&#8221;{}&#8221;]<\/p>\n<p><span style=\"font-weight: 400;\">Tu rehabilitaci\u00f3n est\u00e1 ligada a tu diagn\u00f3stico<\/span><\/p>\n<p>[\/et_pb_text][et_pb_button button_url=&#8221;https:\/\/wa.link\/rhoalr&#8221; url_new_window=&#8221;on&#8221; button_text=&#8221;Agendar Valoraci\u00f3n&#8221; button_alignment=&#8221;center&#8221; _builder_version=&#8221;4.27.4&#8243; custom_button=&#8221;on&#8221; button_text_size=&#8221;18px&#8221; button_text_color=&#8221;#ffffff&#8221; button_bg_color=&#8221;#696464&#8243; button_border_color=&#8221;rgba(0,0,0,0)&#8221; button_border_radius=&#8221;10px&#8221; button_font=&#8221;||||||||&#8221; button_use_icon=&#8221;off&#8221; background_layout=&#8221;dark&#8221; custom_margin=&#8221;0px||||false|false&#8221; custom_padding=&#8221;12px|24px|12px|24px|true|true&#8221; hover_enabled=&#8221;0&#8243; saved_tabs=&#8221;all&#8221; locked=&#8221;off&#8221; global_colors_info=&#8221;{}&#8221; button_bg_color__hover=&#8221;#0d2656&#8243; button_bg_color__hover_enabled=&#8221;on|hover&#8221; button_bg_enable_color__hover=&#8221;on&#8221; sticky_enabled=&#8221;0&#8243;][\/et_pb_button][\/et_pb_column][\/et_pb_row][\/et_pb_section][et_pb_section fb_built=&#8221;1&#8243; admin_label=&#8221;Service&#8221; _builder_version=&#8221;4.27.0&#8243; _module_preset=&#8221;default&#8221; background_color=&#8221;rgba(105,100,100,0.1)&#8221; background_image=&#8221;https:\/\/gmestigia.com\/wp-content\/uploads\/2025\/06\/Fondo-pattern-estigia.png&#8221; border_width_top=&#8221;1px&#8221; border_color_top=&#8221;rgba(105,100,100,0.62)&#8221; saved_tabs=&#8221;all&#8221; collapsed=&#8221;on&#8221; global_colors_info=&#8221;{}&#8221;][et_pb_row _builder_version=&#8221;4.20.0&#8243; _module_preset=&#8221;default&#8221; global_colors_info=&#8221;{}&#8221;][et_pb_column type=&#8221;4_4&#8243; _builder_version=&#8221;4.20.0&#8243; _module_preset=&#8221;default&#8221; global_colors_info=&#8221;{}&#8221;][et_pb_text _builder_version=&#8221;4.27.0&#8243; _module_preset=&#8221;80531ab4-8ec2-4b17-aacd-305e0005fd3f&#8221; header_5_font=&#8221;Begifta|500|||||||&#8221; header_5_text_color=&#8221;#696464&#8243; header_5_font_size=&#8221;28px&#8221; header_5_letter_spacing=&#8221;2px&#8221; text_orientation=&#8221;center&#8221; custom_margin=&#8221;5px||0px||false|false&#8221; locked=&#8221;off&#8221; global_colors_info=&#8221;{}&#8221;]<\/p>\n<h5><b>Rehabilitaci\u00f3n Especializada<\/b><\/h5>\n<p>[\/et_pb_text][\/et_pb_column][\/et_pb_row][et_pb_row column_structure=&#8221;3_5,2_5&#8243; _builder_version=&#8221;4.27.0&#8243; _module_preset=&#8221;default&#8221; background_color=&#8221;#FFFFFF&#8221; custom_padding=&#8221;|15px||15px|false|true&#8221; border_radii=&#8221;on|25px|25px|25px|25px&#8221; global_colors_info=&#8221;{}&#8221;][et_pb_column type=&#8221;3_5&#8243; _builder_version=&#8221;4.27.0&#8243; _module_preset=&#8221;default&#8221; global_colors_info=&#8221;{}&#8221;][et_pb_text _builder_version=&#8221;4.27.4&#8243; _module_preset=&#8221;default&#8221; text_text_color=&#8221;#696464&#8243; text_font_size=&#8221;16px&#8221; text_line_height=&#8221;1.9em&#8221; custom_margin=&#8221;38px|||||&#8221; locked=&#8221;off&#8221; global_colors_info=&#8221;{}&#8221;]<\/p>\n<p><span style=\"font-weight: 400;\">Ofrecemos programas especializados para diversas condiciones, incluyendo:<\/span><\/p>\n<ul>\n<li style=\"font-weight: 400;\" aria-level=\"1\"><b>Lesiones deportivas complejas:<\/b><span style=\"font-weight: 400;\"> Abordando el retorno a la actividad.<\/span><\/li>\n<li style=\"font-weight: 400;\" aria-level=\"1\"><b>Rehabilitaci\u00f3n card\u00edaca y respiratoria:<\/b><span style=\"font-weight: 400;\"> Apoyando el fortalecimiento y la recuperaci\u00f3n funcional de estos sistemas vitales.<\/span><\/li>\n<\/ul>\n<p>[\/et_pb_text][\/et_pb_column][et_pb_column type=&#8221;2_5&#8243; _builder_version=&#8221;4.27.0&#8243; _module_preset=&#8221;default&#8221; global_colors_info=&#8221;{}&#8221;][et_pb_image src=&#8221;https:\/\/gmestigia.com\/wp-content\/uploads\/2025\/06\/terapia-fisica-especializada-en-estigia.-atencion-manual-y-personalizada-para-mejorar-movilidad-y-bienestar-en-pacientes-en-playa-del-carmen.png&#8221; title_text=&#8221;physical-therapist-16&#8243; _builder_version=&#8221;4.27.4&#8243; _module_preset=&#8221;default&#8221; animation_style=&#8221;fade&#8221; scroll_vertical_motion=&#8221;0|50|50|100|1|0|-1&#8243; border_radii=&#8221;on|25px|25px|25px|25px&#8221; box_shadow_style=&#8221;preset3&#8243; global_colors_info=&#8221;{}&#8221;][\/et_pb_image][\/et_pb_column][\/et_pb_row][et_pb_row _builder_version=&#8221;4.27.4&#8243; _module_preset=&#8221;default&#8221; background_color=&#8221;#FFFFFF&#8221; width=&#8221;60%&#8221; custom_margin=&#8221;15px||||false|false&#8221; custom_padding=&#8221;12px||20px|||&#8221; animation_style=&#8221;fade&#8221; border_radii=&#8221;on|25px|25px|25px|25px&#8221; box_shadow_style=&#8221;preset2&#8243; locked=&#8221;off&#8221; global_colors_info=&#8221;{}&#8221;][et_pb_column type=&#8221;4_4&#8243; _builder_version=&#8221;4.27.4&#8243; _module_preset=&#8221;default&#8221; global_colors_info=&#8221;{}&#8221;][et_pb_text _builder_version=&#8221;4.27.4&#8243; _module_preset=&#8221;default&#8221; text_text_color=&#8221;#696464&#8243; text_font_size=&#8221;16px&#8221; text_line_height=&#8221;1.9em&#8221; text_orientation=&#8221;center&#8221; custom_margin=&#8221;||5px|||&#8221; locked=&#8221;off&#8221; global_colors_info=&#8221;{}&#8221;]<\/p>\n<p><span style=\"font-weight: 400;\">Tu diagn\u00f3stico es el primer paso.<\/span><\/p>\n<p>[\/et_pb_text][et_pb_button button_url=&#8221;https:\/\/wa.link\/rhoalr&#8221; url_new_window=&#8221;on&#8221; button_text=&#8221;Agenda tu cita&#8221; button_alignment=&#8221;center&#8221; _builder_version=&#8221;4.27.4&#8243; custom_button=&#8221;on&#8221; button_text_size=&#8221;16px&#8221; button_text_color=&#8221;#ffffff&#8221; button_bg_color=&#8221;#696464&#8243; button_border_color=&#8221;rgba(0,0,0,0)&#8221; button_border_radius=&#8221;10px&#8221; button_font=&#8221;||||||||&#8221; button_use_icon=&#8221;off&#8221; background_layout=&#8221;dark&#8221; custom_margin=&#8221;14px|||||&#8221; custom_padding=&#8221;12px|24px|12px|24px|true|true&#8221; saved_tabs=&#8221;all&#8221; locked=&#8221;off&#8221; global_colors_info=&#8221;{}&#8221; button_bg_color__hover=&#8221;#0d2656&#8243; button_bg_color__hover_enabled=&#8221;on|hover&#8221; button_bg_enable_color__hover=&#8221;on&#8221; global_module=&#8221;298&#8243; theme_builder_area=&#8221;post_content&#8221;][\/et_pb_button][\/et_pb_column][\/et_pb_row][\/et_pb_section][et_pb_section fb_built=&#8221;1&#8243; admin_label=&#8221;Service&#8221; _builder_version=&#8221;4.27.0&#8243; _module_preset=&#8221;default&#8221; border_width_top=&#8221;1px&#8221; border_color_top=&#8221;rgba(105,100,100,0.62)&#8221; saved_tabs=&#8221;all&#8221; collapsed=&#8221;on&#8221; global_colors_info=&#8221;{}&#8221;][et_pb_row _builder_version=&#8221;4.27.4&#8243; _module_preset=&#8221;default&#8221; global_colors_info=&#8221;{}&#8221;][et_pb_column type=&#8221;4_4&#8243; _builder_version=&#8221;4.27.4&#8243; _module_preset=&#8221;default&#8221; global_colors_info=&#8221;{}&#8221;][et_pb_text _builder_version=&#8221;4.27.4&#8243; _module_preset=&#8221;80531ab4-8ec2-4b17-aacd-305e0005fd3f&#8221; header_5_font=&#8221;Begifta|500|||||||&#8221; header_5_text_color=&#8221;#696464&#8243; header_5_font_size=&#8221;28px&#8221; header_5_letter_spacing=&#8221;2px&#8221; text_orientation=&#8221;center&#8221; custom_margin=&#8221;9px||0px||false|false&#8221; locked=&#8221;off&#8221; global_colors_info=&#8221;{}&#8221;]<\/p>\n<h5><b>Sesi\u00f3n de <\/b><b>Descarga Muscular<\/b><\/h5>\n<p>[\/et_pb_text][\/et_pb_column][\/et_pb_row][et_pb_row column_structure=&#8221;1_3,2_3&#8243; module_id=&#8221;redcordseccion&#8221; _builder_version=&#8221;4.27.4&#8243; _module_preset=&#8221;default&#8221; global_colors_info=&#8221;{}&#8221;][et_pb_column type=&#8221;1_3&#8243; _builder_version=&#8221;4.20.0&#8243; _module_preset=&#8221;default&#8221; global_colors_info=&#8221;{}&#8221;][et_pb_image src=&#8221;https:\/\/gmestigia.com\/wp-content\/uploads\/2025\/06\/sesion-de-fisioterapia-personalizada-en-estigia-clinica-especializada-en-rehabilitacion-fisica-en-playa-del-carmen.-tratamientos-para-recuperacion-muscular-movilidad-articular-y-terapia-del-dolor-1.png&#8221; _builder_version=&#8221;4.27.4&#8243; _module_preset=&#8221;default&#8221; animation_style=&#8221;fade&#8221; border_radii=&#8221;on|25px|25px|25px|25px&#8221; box_shadow_style=&#8221;preset2&#8243; global_colors_info=&#8221;{}&#8221;][\/et_pb_image][\/et_pb_column][et_pb_column type=&#8221;2_3&#8243; _builder_version=&#8221;4.20.0&#8243; _module_preset=&#8221;default&#8221; global_colors_info=&#8221;{}&#8221;][et_pb_text _builder_version=&#8221;4.27.4&#8243; _module_preset=&#8221;default&#8221; text_text_color=&#8221;#696464&#8243; text_font_size=&#8221;16px&#8221; text_line_height=&#8221;1.9em&#8221; locked=&#8221;off&#8221; global_colors_info=&#8221;{}&#8221;]<\/p>\n<p><span style=\"font-weight: 400;\">Para quienes realizan actividad f\u00edsica regular, las <\/span><b>sesiones de descarga muscular<\/b><span style=\"font-weight: 400;\"> son esenciales en <\/span><b>Estigia<\/b><span style=\"font-weight: 400;\">. Estas se enfocan en favorecer la eliminaci\u00f3n de productos de desecho del metabolismo muscular y promover la circulaci\u00f3n, reduciendo la fatiga y el riesgo de sobreentrenamiento.\u00a0<\/span><\/p>\n<p><span style=\"font-weight: 400;\">Para ello, utilizamos t\u00e9cnicas avanzadas y equipos como <\/span><b>crioterapia y presoterapia (Game Ready)<\/b><span style=\"font-weight: 400;\">, <\/span><b>pistola de percusi\u00f3n<\/b><span style=\"font-weight: 400;\">, <\/span><b>drenaje linf\u00e1tico<\/b><span style=\"font-weight: 400;\"> y <\/span><b>masaje de tejidos profundos<\/b><span style=\"font-weight: 400;\">, mejorando tu recuperaci\u00f3n muscular y la asimilaci\u00f3n de las cargas de entrenamiento.<\/span><\/p>\n<p>[\/et_pb_text][et_pb_image src=&#8221;https:\/\/gmestigia.com\/wp-content\/uploads\/2025\/06\/tecnologia-game-ready-en-estigia_-compresion-activa-y-terapia-de-frio-para-acelerar-la-recuperacion-post-lesion-o-post-cirugia.-innovacion-deportiva-en-playa-del-carmen.png&#8221; _builder_version=&#8221;4.27.4&#8243; _module_preset=&#8221;default&#8221; width=&#8221;80%&#8221; module_alignment=&#8221;center&#8221; animation_style=&#8221;fade&#8221; border_radii=&#8221;on|25px|25px|25px|25px&#8221; box_shadow_style=&#8221;preset2&#8243; global_colors_info=&#8221;{}&#8221;][\/et_pb_image][\/et_pb_column][\/et_pb_row][et_pb_row _builder_version=&#8221;4.27.4&#8243; _module_preset=&#8221;default&#8221; background_color=&#8221;#FFFFFF&#8221; width=&#8221;60%&#8221; custom_margin=&#8221;15px||||false|false&#8221; custom_padding=&#8221;12px||20px|||&#8221; animation_style=&#8221;fade&#8221; border_radii=&#8221;on|25px|25px|25px|25px&#8221; box_shadow_style=&#8221;preset2&#8243; locked=&#8221;off&#8221; global_colors_info=&#8221;{}&#8221;][et_pb_column type=&#8221;4_4&#8243; _builder_version=&#8221;4.27.4&#8243; _module_preset=&#8221;default&#8221; global_colors_info=&#8221;{}&#8221;][et_pb_text _builder_version=&#8221;4.27.4&#8243; _module_preset=&#8221;default&#8221; text_text_color=&#8221;#696464&#8243; text_font_size=&#8221;16px&#8221; text_line_height=&#8221;1.9em&#8221; text_orientation=&#8221;center&#8221; custom_margin=&#8221;||5px|||&#8221; locked=&#8221;off&#8221; global_colors_info=&#8221;{}&#8221;]<\/p>\n<p><span style=\"font-weight: 400;\">Aclara tus dudas, hazte un diagn\u00f3stico.<\/span><\/p>\n<p>[\/et_pb_text][et_pb_button button_url=&#8221;https:\/\/wa.link\/rhoalr&#8221; url_new_window=&#8221;on&#8221; button_text=&#8221;Agendar Valoraci\u00f3n&#8221; button_alignment=&#8221;center&#8221; _builder_version=&#8221;4.27.4&#8243; custom_button=&#8221;on&#8221; button_text_size=&#8221;18px&#8221; button_text_color=&#8221;#ffffff&#8221; button_bg_color=&#8221;#696464&#8243; button_border_color=&#8221;rgba(0,0,0,0)&#8221; button_border_radius=&#8221;10px&#8221; button_font=&#8221;||||||||&#8221; button_use_icon=&#8221;off&#8221; background_layout=&#8221;dark&#8221; custom_margin=&#8221;0px||||false|false&#8221; custom_padding=&#8221;12px|24px|12px|24px|true|true&#8221; hover_enabled=&#8221;0&#8243; saved_tabs=&#8221;all&#8221; locked=&#8221;off&#8221; global_colors_info=&#8221;{}&#8221; button_bg_color__hover=&#8221;#0d2656&#8243; button_bg_color__hover_enabled=&#8221;on|hover&#8221; button_bg_enable_color__hover=&#8221;on&#8221; sticky_enabled=&#8221;0&#8243;][\/et_pb_button][\/et_pb_column][\/et_pb_row][\/et_pb_section]<\/p>\n","protected":false},"excerpt":{"rendered":"<p>Fisioterapia y Rehabilitaci\u00f3nRecupera tu movimiento, alivia tu dolor.Fisioterapia de VanguardiaEn Estigia, tu recuperaci\u00f3n es un proceso guiado y progresivo, adaptado a tus necesidades: Fase 1: Alivio y Reparaci\u00f3n Inicial: Aplicamos medios f\u00edsicos de \u00faltima generaci\u00f3n como microcorriente el\u00e9ctrica, ultrasonido, l\u00e1ser, onda de choque, magnetoterapia, calor y fr\u00edo. Estos tratamientos est\u00e1n dise\u00f1ados para reducir la inflamaci\u00f3n, [&hellip;]<\/p>\n","protected":false},"author":2,"featured_media":0,"parent":0,"menu_order":0,"comment_status":"closed","ping_status":"closed","template":"","meta":{"_et_pb_use_builder":"on","_et_pb_old_content":"","_et_gb_content_width":"","footnotes":""},"class_list":["post-79","page","type-page","status-publish","hentry"],"_links":{"self":[{"href":"https:\/\/gmestigia.com\/en\/wp-json\/wp\/v2\/pages\/79","targetHints":{"allow":["GET"]}}],"collection":[{"href":"https:\/\/gmestigia.com\/en\/wp-json\/wp\/v2\/pages"}],"about":[{"href":"https:\/\/gmestigia.com\/en\/wp-json\/wp\/v2\/types\/page"}],"author":[{"embeddable":true,"href":"https:\/\/gmestigia.com\/en\/wp-json\/wp\/v2\/users\/2"}],"replies":[{"embeddable":true,"href":"https:\/\/gmestigia.com\/en\/wp-json\/wp\/v2\/comments?post=79"}],"version-history":[{"count":33,"href":"https:\/\/gmestigia.com\/en\/wp-json\/wp\/v2\/pages\/79\/revisions"}],"predecessor-version":[{"id":907,"href":"https:\/\/gmestigia.com\/en\/wp-json\/wp\/v2\/pages\/79\/revisions\/907"}],"wp:attachment":[{"href":"https:\/\/gmestigia.com\/en\/wp-json\/wp\/v2\/media?parent=79"}],"curies":[{"name":"wp","href":"https:\/\/api.w.org\/{rel}","templated":true}]}}