{"id":55,"date":"2025-04-24T09:21:15","date_gmt":"2025-04-24T15:21:15","guid":{"rendered":"https:\/\/gmestigia.com\/?page_id=55"},"modified":"2025-09-16T14:44:03","modified_gmt":"2025-09-16T20:44:03","slug":"preguntas-frecuentes","status":"publish","type":"page","link":"https:\/\/gmestigia.com\/en\/preguntas-frecuentes\/","title":{"rendered":"FAQ"},"content":{"rendered":"<p>[et_pb_section fb_built=&#8221;1&#8243; prev_background_color=&#8221;#ffffff&#8221; admin_label=&#8221;Header&#8221; _builder_version=&#8221;4.27.0&#8243; background_color=&#8221;rgba(105,100,100,0.3)&#8221; use_background_color_gradient=&#8221;on&#8221; background_color_gradient_direction=&#8221;90deg&#8221; background_color_gradient_stops=&#8221;#696464 4%|rgba(142,139,142,0.72) 39%|rgba(105,100,100,0.48) 72%|rgba(255,255,255,0.29) 100%&#8221; background_color_gradient_overlays_image=&#8221;on&#8221; background_color_gradient_start=&#8221;#171728&#8243; background_color_gradient_start_position=&#8221;18%&#8221; background_color_gradient_end=&#8221;rgba(255,255,255,0.29)&#8221; background_image=&#8221;https:\/\/gmestigia.com\/wp-content\/uploads\/2025\/06\/Fondo-pattern-estigia.png&#8221; custom_padding=&#8221;6vw|0px|6vw|0px|true|false&#8221; top_divider_style=&#8221;wave2&#8243; top_divider_height=&#8221;70px&#8221; bottom_divider_style=&#8221;wave2&#8243; bottom_divider_color=&#8221;#FFFFFF&#8221; bottom_divider_height=&#8221;70px&#8221; locked=&#8221;off&#8221; global_colors_info=&#8221;{}&#8221; box_shadow_style__hover=&#8221;none&#8221; box_shadow_style__hover_enabled=&#8221;none&#8221; box_shadow_color__hover=&#8221;rgba(0,0,0,0.3)&#8221; box_shadow_color__hover_enabled=&#8221;rgba(0,0,0,0.3)&#8221;][et_pb_row make_equal=&#8221;on&#8221; _builder_version=&#8221;4.27.4&#8243; _module_preset=&#8221;default&#8221; width=&#8221;100%&#8221; width_tablet=&#8221;100%&#8221; width_phone=&#8221;100%&#8221; width_last_edited=&#8221;on|phone&#8221; max_width_tablet=&#8221;&#8221; max_width_phone=&#8221;&#8221; max_width_last_edited=&#8221;on|phone&#8221; module_alignment=&#8221;center&#8221; custom_margin=&#8221;40px||||false|false&#8221; custom_margin_tablet=&#8221;65px|65px||65px|false|false&#8221; custom_margin_phone=&#8221;65px|0px||0px|false|false&#8221; custom_margin_last_edited=&#8221;on|phone&#8221; locked=&#8221;off&#8221; global_colors_info=&#8221;{}&#8221;][et_pb_column type=&#8221;4_4&#8243; _builder_version=&#8221;4.27.0&#8243; _module_preset=&#8221;default&#8221; global_colors_info=&#8221;{}&#8221;][et_pb_text _builder_version=&#8221;4.27.4&#8243; _module_preset=&#8221;default&#8221; header_font=&#8221;Begifta|700|||||||&#8221; header_text_align=&#8221;center&#8221; header_text_color=&#8221;#FFFFFF&#8221; header_font_size=&#8221;65px&#8221; header_letter_spacing=&#8221;2px&#8221; header_line_height=&#8221;1.2em&#8221; text_orientation=&#8221;center&#8221; custom_margin=&#8221;||||false|false&#8221; header_font_size_tablet=&#8221;60px&#8221; header_font_size_phone=&#8221;40px&#8221; header_font_size_last_edited=&#8221;on|phone&#8221; header_line_height_tablet=&#8221;&#8221; header_line_height_phone=&#8221;1.2em&#8221; header_line_height_last_edited=&#8221;on|phone&#8221; text_orientation_tablet=&#8221;center&#8221; text_orientation_phone=&#8221;center&#8221; text_orientation_last_edited=&#8221;on|phone&#8221; header_text_shadow_style=&#8221;preset1&#8243; global_colors_info=&#8221;{}&#8221;]<\/p>\n<h1>Preguntas Frecuentes<\/h1>\n<p>[\/et_pb_text][\/et_pb_column][\/et_pb_row][et_pb_row _builder_version=&#8221;4.27.0&#8243; _module_preset=&#8221;default&#8221; width=&#8221;66%&#8221; global_colors_info=&#8221;{}&#8221;][et_pb_column type=&#8221;4_4&#8243; _builder_version=&#8221;4.27.0&#8243; _module_preset=&#8221;default&#8221; global_colors_info=&#8221;{}&#8221;][\/et_pb_column][\/et_pb_row][\/et_pb_section][et_pb_section fb_built=&#8221;1&#8243; admin_label=&#8221;Service&#8221; _builder_version=&#8221;4.20.0&#8243; _module_preset=&#8221;default&#8221; custom_padding=&#8221;12px||23px|||&#8221; saved_tabs=&#8221;all&#8221; collapsed=&#8221;on&#8221; global_colors_info=&#8221;{}&#8221;][et_pb_row _builder_version=&#8221;4.20.0&#8243; _module_preset=&#8221;default&#8221; custom_padding=&#8221;0px||12px|||&#8221; global_colors_info=&#8221;{}&#8221;][et_pb_column type=&#8221;4_4&#8243; _builder_version=&#8221;4.20.0&#8243; _module_preset=&#8221;default&#8221; custom_padding=&#8221;60px||60px||true|false&#8221; custom_padding_tablet=&#8221;0px||0px||true|false&#8221; custom_padding_phone=&#8221;0px||0px||true|false&#8221; custom_padding_last_edited=&#8221;on|desktop&#8221; global_colors_info=&#8221;{}&#8221;][et_pb_text _builder_version=&#8221;4.27.4&#8243; _module_preset=&#8221;80531ab4-8ec2-4b17-aacd-305e0005fd3f&#8221; text_font=&#8221;Begifta||||||||&#8221; text_letter_spacing=&#8221;2px&#8221; header_5_font=&#8221;Begifta|500|||||||&#8221; header_5_text_color=&#8221;#696464&#8243; header_5_font_size=&#8221;28px&#8221; header_5_letter_spacing=&#8221;2px&#8221; custom_margin=&#8221;||0px||false|false&#8221; global_colors_info=&#8221;{}&#8221;]<\/p>\n<p><b>Te compartimos informaci\u00f3 que puede ayudarte a resolver algunas de las preguntas m\u00e1s frecuentes, si no encuentr\u00e1s alguna, por favor, contactanos, estaremos pendientes y sera un placer atenderte.<\/b><\/p>\n<p>[\/et_pb_text][\/et_pb_column][\/et_pb_row][\/et_pb_section][et_pb_section fb_built=&#8221;1&#8243; admin_label=&#8221;Service&#8221; _builder_version=&#8221;4.27.0&#8243; _module_preset=&#8221;default&#8221; background_color=&#8221;rgba(105,100,100,0.1)&#8221; background_image=&#8221;https:\/\/gmestigia.com\/wp-content\/uploads\/2025\/06\/Fondo-pattern-estigia.png&#8221; border_width_top=&#8221;1px&#8221; border_color_top=&#8221;rgba(105,100,100,0.62)&#8221; saved_tabs=&#8221;all&#8221; locked=&#8221;off&#8221; collapsed=&#8221;on&#8221; global_colors_info=&#8221;{}&#8221;][et_pb_row column_structure=&#8221;2_5,3_5&#8243; use_custom_gutter=&#8221;on&#8221; gutter_width=&#8221;2&#8243; _builder_version=&#8221;4.27.4&#8243; _module_preset=&#8221;default&#8221; background_color=&#8221;#FFFFFF&#8221; custom_padding=&#8221;|15px||15px|false|true&#8221; border_radii=&#8221;on|25px|25px|25px|25px&#8221; box_shadow_style=&#8221;preset3&#8243; global_colors_info=&#8221;{}&#8221;][et_pb_column type=&#8221;2_5&#8243; _builder_version=&#8221;4.27.0&#8243; _module_preset=&#8221;default&#8221; global_colors_info=&#8221;{}&#8221;][et_pb_image src=&#8221;https:\/\/gmestigia.com\/wp-content\/uploads\/2025\/06\/terapia-de-electroestimulacion-en-estigia-para-recuperacion-muscular-manejo-del-dolor-y-fortalecimiento-tras-lesiones-deportivas.png&#8221; _builder_version=&#8221;4.27.4&#8243; _module_preset=&#8221;default&#8221; custom_margin=&#8221;63px|||10px|false|false&#8221; custom_margin_tablet=&#8221;0px|||0px|false|false&#8221; custom_margin_phone=&#8221;0px|||0px|false|false&#8221; custom_margin_last_edited=&#8221;on|phone&#8221; hover_enabled=&#8221;0&#8243; border_radii=&#8221;on|15px|15px|15px|15px&#8221; global_colors_info=&#8221;{}&#8221; animation_style=&#8221;fade&#8221; sticky_enabled=&#8221;0&#8243;][\/et_pb_image][\/et_pb_column][et_pb_column type=&#8221;3_5&#8243; _builder_version=&#8221;4.27.0&#8243; _module_preset=&#8221;default&#8221; global_colors_info=&#8221;{}&#8221;][et_pb_toggle title=&#8221;No soy deportista, \u00bfme sirve la medicina deportiva?&#8221; open_toggle_text_color=&#8221;#696464&#8243; icon_color=&#8221;#696464&#8243; use_icon_font_size=&#8221;on&#8221; icon_font_size=&#8221;17px&#8221; open_icon_color=&#8221;#696464&#8243; open_use_icon_font_size=&#8221;on&#8221; open_icon_font_size=&#8221;17px&#8221; _builder_version=&#8221;4.27.4&#8243; _module_preset=&#8221;default&#8221; title_text_color=&#8221;#696464&#8243; title_font=&#8221;Begifta|600|||||||&#8221; title_font_size=&#8221;14px&#8221; title_line_height=&#8221;1.4em&#8221; closed_title_font_size=&#8221;14px&#8221; body_text_color=&#8221;#696464&#8243; body_font_size=&#8221;16px&#8221; title_font_size_tablet=&#8221;16px&#8221; title_font_size_phone=&#8221;13px&#8221; title_font_size_last_edited=&#8221;on|phone&#8221; title_letter_spacing_tablet=&#8221;&#8221; title_letter_spacing_phone=&#8221;1px&#8221; title_letter_spacing_last_edited=&#8221;on|phone&#8221; closed_title_font_size_tablet=&#8221;14px&#8221; closed_title_font_size_phone=&#8221;13px&#8221; closed_title_font_size_last_edited=&#8221;on|desktop&#8221; border_radii=&#8221;on|15px|15px|15px|15px&#8221; border_color_all=&#8221;rgba(105,100,100,0.43)&#8221; global_colors_info=&#8221;{}&#8221;]<\/p>\n<p><span style=\"font-weight: 400;\">\u00a1Claro! No necesitas ser atleta. La medicina deportiva <\/span><b>ayuda a cualquier persona con dolor<\/b><span style=\"font-weight: 400;\"> o dificultades de movimiento, incluso si tu \u00fanica actividad f\u00edsica es caminar al trabajo.<\/span><\/p>\n<p>[\/et_pb_toggle][et_pb_toggle title=&#8221;\u00bfPara qui\u00e9n es la medicina deportiva?&#8221; open_toggle_text_color=&#8221;#696464&#8243; icon_color=&#8221;#696464&#8243; use_icon_font_size=&#8221;on&#8221; icon_font_size=&#8221;17px&#8221; open_icon_color=&#8221;#696464&#8243; open_use_icon_font_size=&#8221;on&#8221; open_icon_font_size=&#8221;17px&#8221; _builder_version=&#8221;4.27.4&#8243; _module_preset=&#8221;default&#8221; title_text_color=&#8221;#696464&#8243; title_font=&#8221;Begifta|600|||||||&#8221; title_font_size=&#8221;14px&#8221; title_line_height=&#8221;1.4em&#8221; body_text_color=&#8221;#696464&#8243; body_font_size=&#8221;16px&#8221; title_font_size_tablet=&#8221;16px&#8221; title_font_size_phone=&#8221;13px&#8221; title_font_size_last_edited=&#8221;on|phone&#8221; title_letter_spacing_tablet=&#8221;&#8221; title_letter_spacing_phone=&#8221;1px&#8221; title_letter_spacing_last_edited=&#8221;on|phone&#8221; closed_title_font_size_tablet=&#8221;&#8221; closed_title_font_size_phone=&#8221;13px&#8221; closed_title_font_size_last_edited=&#8221;on|phone&#8221; border_radii=&#8221;on|15px|15px|15px|15px&#8221; border_color_all=&#8221;rgba(105,100,100,0.43)&#8221; global_colors_info=&#8221;{}&#8221;]<\/p>\n<p><span style=\"font-weight: 400;\">Para todos. No importa si eres deportista o no: si tienes dolor, molestias o quieres moverte mejor, podemos ayudarte.<\/span><\/p>\n<p>[\/et_pb_toggle][et_pb_toggle title=&#8221;\u00bfPara qu\u00e9 tipo de problemas te ayuda la medicina deportiva?&#8221; open_toggle_text_color=&#8221;#696464&#8243; icon_color=&#8221;#696464&#8243; use_icon_font_size=&#8221;on&#8221; icon_font_size=&#8221;17px&#8221; open_icon_color=&#8221;#696464&#8243; open_use_icon_font_size=&#8221;on&#8221; open_icon_font_size=&#8221;17px&#8221; _builder_version=&#8221;4.27.4&#8243; _module_preset=&#8221;default&#8221; title_text_color=&#8221;#696464&#8243; title_font=&#8221;Begifta|600|||||||&#8221; title_font_size=&#8221;14px&#8221; title_line_height=&#8221;1.4em&#8221; body_text_color=&#8221;#696464&#8243; body_font_size=&#8221;16px&#8221; hover_enabled=&#8221;0&#8243; title_font_size_tablet=&#8221;16px&#8221; title_font_size_phone=&#8221;13px&#8221; title_font_size_last_edited=&#8221;on|phone&#8221; title_letter_spacing_tablet=&#8221;&#8221; title_letter_spacing_phone=&#8221;1px&#8221; title_letter_spacing_last_edited=&#8221;on|phone&#8221; border_radii=&#8221;on|15px|15px|15px|15px&#8221; border_color_all=&#8221;rgba(105,100,100,0.43)&#8221; global_colors_info=&#8221;{}&#8221; sticky_enabled=&#8221;0&#8243; closed_title_font_size_last_edited=&#8221;on|phone&#8221; closed_title_font_size_phone=&#8221;13px&#8221;]<\/p>\n<p><span style=\"font-weight: 400;\">Normalmente, la gente viene a nosotros por <\/span><b>dolor o porque algo les impide moverse bien<\/b><span style=\"font-weight: 400;\">. Podemos dividir esto en dos tipos de situaciones:<\/span><\/p>\n<ul>\n<li style=\"font-weight: 400;\" aria-level=\"1\"><b>Lesiones agudas<\/b><span style=\"font-weight: 400;\">: como torceduras o ca\u00eddas.<\/span><span style=\"font-weight: 400;\"><\/span><\/li>\n<li style=\"font-weight: 400;\" aria-level=\"1\"><b>Lesiones cr\u00f3nicas<\/b><span style=\"font-weight: 400;\">: por desgaste o mala postura, como dolores persistentes en rodillas o espalda.<\/span><\/li>\n<\/ul>\n<p><span style=\"font-weight: 400;\">\u00bfTe suena eso de: <\/span><i><span style=\"font-weight: 400;\">&#8220;me truena la rodilla y despu\u00e9s de cinco a\u00f1os me empieza a dole<\/span><\/i><span style=\"font-weight: 400;\">r&#8221;?\u00a0<\/span><\/p>\n<p><span style=\"font-weight: 400;\">En estos casos, buscamos la ra\u00edz del problema, te damos herramientas para manejar el dolor a largo plazo, evitar que la situaci\u00f3n empeore mejorando as\u00ed tu calidad de vida.<\/span><\/p>\n<p>[\/et_pb_toggle][et_pb_toggle title=&#8221;\u00bfMe duele la fisioterapia o los tratamientos?&#8221; open_toggle_text_color=&#8221;#696464&#8243; icon_color=&#8221;#696464&#8243; use_icon_font_size=&#8221;on&#8221; icon_font_size=&#8221;17px&#8221; open_icon_color=&#8221;#696464&#8243; open_use_icon_font_size=&#8221;on&#8221; open_icon_font_size=&#8221;17px&#8221; _builder_version=&#8221;4.27.4&#8243; _module_preset=&#8221;default&#8221; title_text_color=&#8221;#696464&#8243; title_font=&#8221;Begifta|600|||||||&#8221; title_font_size=&#8221;14px&#8221; title_line_height=&#8221;1.1em&#8221; body_text_color=&#8221;#696464&#8243; body_font_size=&#8221;16px&#8221; hover_enabled=&#8221;0&#8243; title_font_size_tablet=&#8221;16px&#8221; title_font_size_phone=&#8221;13px&#8221; title_font_size_last_edited=&#8221;on|phone&#8221; title_letter_spacing_tablet=&#8221;&#8221; title_letter_spacing_phone=&#8221;1px&#8221; title_letter_spacing_last_edited=&#8221;on|phone&#8221; title_line_height_tablet=&#8221;1.1em&#8221; title_line_height_phone=&#8221;1.4em&#8221; title_line_height_last_edited=&#8221;on|phone&#8221; border_radii=&#8221;on|15px|15px|15px|15px&#8221; border_color_all=&#8221;rgba(105,100,100,0.43)&#8221; global_colors_info=&#8221;{}&#8221; sticky_enabled=&#8221;0&#8243; closed_title_font_size_last_edited=&#8221;on|phone&#8221; closed_title_font_size_phone=&#8221;13px&#8221;]<\/p>\n<p><span style=\"font-weight: 400;\">No deber\u00eda doler. Puedes sentir molestias leves al principio, como agujetas. Siempre adaptamos el tratamiento a tu tolerancia y progreso.<\/span><\/p>\n<p><i><span style=\"font-weight: 400;\">Dato curioso: Las <\/span><\/i><b><i>agujetas<\/i><\/b><i><span style=\"font-weight: 400;\"> son esa sensaci\u00f3n que tienes al d\u00eda siguiente de hacer ejercicio, como si tus m\u00fasculos estuvieran algo adoloridos o cansados. Es una se\u00f1al de que est\u00e1n trabajando y adapt\u00e1ndose, \u00a1algo completamente normal!<\/span><\/i><\/p>\n<p>[\/et_pb_toggle][et_pb_toggle title=&#8221;\u00bfQu\u00e9 hacemos en la primera consulta para el diagn\u00f3stico?&#8221; open_toggle_text_color=&#8221;#696464&#8243; icon_color=&#8221;#696464&#8243; use_icon_font_size=&#8221;on&#8221; icon_font_size=&#8221;17px&#8221; open_icon_color=&#8221;#696464&#8243; open_use_icon_font_size=&#8221;on&#8221; open_icon_font_size=&#8221;17px&#8221; _builder_version=&#8221;4.27.4&#8243; _module_preset=&#8221;default&#8221; title_text_color=&#8221;#696464&#8243; title_font=&#8221;Begifta|600|||||||&#8221; title_font_size=&#8221;14px&#8221; title_line_height=&#8221;1.3em&#8221; body_text_color=&#8221;#696464&#8243; body_font_size=&#8221;16px&#8221; hover_enabled=&#8221;0&#8243; title_font_size_tablet=&#8221;16px&#8221; title_font_size_phone=&#8221;13px&#8221; title_font_size_last_edited=&#8221;on|phone&#8221; title_letter_spacing_tablet=&#8221;&#8221; title_letter_spacing_phone=&#8221;1px&#8221; title_letter_spacing_last_edited=&#8221;on|phone&#8221; border_radii=&#8221;on|15px|15px|15px|15px&#8221; border_color_all=&#8221;rgba(105,100,100,0.43)&#8221; global_colors_info=&#8221;{}&#8221; sticky_enabled=&#8221;0&#8243; closed_title_font_size_last_edited=&#8221;on|phone&#8221; closed_title_font_size_phone=&#8221;13px&#8221;]<\/p>\n<p><span style=\"font-weight: 400;\">En tu primera cita, nos enfocamos en entender qu\u00e9 te pasa. Hacemos tu <\/span><b>historia cl\u00ednica detallada<\/b><span style=\"font-weight: 400;\"> (preguntas sobre tu salud, s\u00edntomas y estilo de vida) y una <\/span><b>exploraci\u00f3n f\u00edsica<\/b><span style=\"font-weight: 400;\"> para ver c\u00f3mo te mueves.<\/span><\/p>\n<p><span style=\"font-weight: 400;\">\u00a0A veces, para un diagn\u00f3stico m\u00e1s preciso, pedimos <\/span><b>estudios de imagen<\/b><span style=\"font-weight: 400;\"> como ultrasonidos o resonancias. Nuestro objetivo es que entiendas tu condici\u00f3n y sepas qu\u00e9 esperar de tu recuperaci\u00f3n.<\/span><\/p>\n<p>[\/et_pb_toggle][et_pb_toggle title=&#8221;\u00bfCu\u00e1nto dura una sesi\u00f3n y el tratamiento completo?&#8221; open_toggle_text_color=&#8221;#696464&#8243; icon_color=&#8221;#696464&#8243; use_icon_font_size=&#8221;on&#8221; icon_font_size=&#8221;17px&#8221; open_icon_color=&#8221;#696464&#8243; open_use_icon_font_size=&#8221;on&#8221; open_icon_font_size=&#8221;17px&#8221; _builder_version=&#8221;4.27.4&#8243; _module_preset=&#8221;default&#8221; title_text_color=&#8221;#696464&#8243; title_font=&#8221;Begifta|600|||||||&#8221; title_font_size=&#8221;14px&#8221; title_line_height=&#8221;1.1em&#8221; body_text_color=&#8221;#696464&#8243; body_font_size=&#8221;16px&#8221; hover_enabled=&#8221;0&#8243; title_font_size_tablet=&#8221;16px&#8221; title_font_size_phone=&#8221;13px&#8221; title_font_size_last_edited=&#8221;on|phone&#8221; title_letter_spacing_tablet=&#8221;&#8221; title_letter_spacing_phone=&#8221;1px&#8221; title_letter_spacing_last_edited=&#8221;on|phone&#8221; title_line_height_tablet=&#8221;1.1em&#8221; title_line_height_phone=&#8221;1.4em&#8221; title_line_height_last_edited=&#8221;on|phone&#8221; border_radii=&#8221;on|15px|15px|15px|15px&#8221; border_color_all=&#8221;rgba(105,100,100,0.43)&#8221; global_colors_info=&#8221;{}&#8221; sticky_enabled=&#8221;0&#8243; closed_title_font_size_last_edited=&#8221;on|phone&#8221; closed_title_font_size_phone=&#8221;13px&#8221;]<\/p>\n<p><span style=\"font-weight: 400;\">Cada sesi\u00f3n dura de 40 a 60 minutos. Generalmente recomendamos 2-3 sesiones por semana, hasta 6 en total. Despu\u00e9s, reevaluamos.<\/span><\/p>\n<p>[\/et_pb_toggle][et_pb_toggle title=&#8221;\u00bfCu\u00e1ndo empezar y por qu\u00e9 es importante la constancia?&#8221; open_toggle_text_color=&#8221;#696464&#8243; icon_color=&#8221;#696464&#8243; use_icon_font_size=&#8221;on&#8221; icon_font_size=&#8221;17px&#8221; open_icon_color=&#8221;#696464&#8243; open_use_icon_font_size=&#8221;on&#8221; open_icon_font_size=&#8221;17px&#8221; _builder_version=&#8221;4.27.4&#8243; _module_preset=&#8221;default&#8221; title_text_color=&#8221;#696464&#8243; title_font=&#8221;Begifta|600|||||||&#8221; title_font_size=&#8221;14px&#8221; title_line_height=&#8221;1.1em&#8221; body_text_color=&#8221;#696464&#8243; body_font_size=&#8221;16px&#8221; hover_enabled=&#8221;0&#8243; title_font_size_tablet=&#8221;16px&#8221; title_font_size_phone=&#8221;13px&#8221; title_font_size_last_edited=&#8221;on|phone&#8221; title_letter_spacing_tablet=&#8221;&#8221; title_letter_spacing_phone=&#8221;1px&#8221; title_letter_spacing_last_edited=&#8221;on|phone&#8221; title_line_height_tablet=&#8221;1.1em&#8221; title_line_height_phone=&#8221;1.4em&#8221; title_line_height_last_edited=&#8221;on|phone&#8221; border_radii=&#8221;on|15px|15px|15px|15px&#8221; border_color_all=&#8221;rgba(105,100,100,0.43)&#8221; global_colors_info=&#8221;{}&#8221; sticky_enabled=&#8221;0&#8243; closed_title_font_size_last_edited=&#8221;on|phone&#8221; closed_title_font_size_phone=&#8221;13px&#8221;]<\/p>\n<p><span style=\"font-weight: 400;\">Lo ideal es que empieces el tratamiento <\/span><b>tan pronto como tengamos tu diagn\u00f3stico<\/b><span style=\"font-weight: 400;\">. Atenderte a tiempo evita que empeore el problema. La constancia es clave para una recuperaci\u00f3n efectiva.<\/span><\/p>\n<p>[\/et_pb_toggle][et_pb_toggle title=&#8221;\u00bfQu\u00e9 ropa debo usar y c\u00f3mo prepararme?&#8221; open_toggle_text_color=&#8221;#696464&#8243; icon_color=&#8221;#696464&#8243; use_icon_font_size=&#8221;on&#8221; icon_font_size=&#8221;17px&#8221; open_icon_color=&#8221;#696464&#8243; open_use_icon_font_size=&#8221;on&#8221; open_icon_font_size=&#8221;17px&#8221; _builder_version=&#8221;4.27.4&#8243; _module_preset=&#8221;default&#8221; title_text_color=&#8221;#696464&#8243; title_font=&#8221;Begifta|600|||||||&#8221; title_font_size=&#8221;14px&#8221; title_line_height=&#8221;1.1em&#8221; body_text_color=&#8221;#696464&#8243; body_font_size=&#8221;16px&#8221; hover_enabled=&#8221;0&#8243; title_font_size_tablet=&#8221;16px&#8221; title_font_size_phone=&#8221;13px&#8221; title_font_size_last_edited=&#8221;on|phone&#8221; title_letter_spacing_tablet=&#8221;&#8221; title_letter_spacing_phone=&#8221;1px&#8221; title_letter_spacing_last_edited=&#8221;on|phone&#8221; title_line_height_tablet=&#8221;1.1em&#8221; title_line_height_phone=&#8221;1.4em&#8221; title_line_height_last_edited=&#8221;on|phone&#8221; border_radii=&#8221;on|15px|15px|15px|15px&#8221; border_color_all=&#8221;rgba(105,100,100,0.43)&#8221; global_colors_info=&#8221;{}&#8221; sticky_enabled=&#8221;0&#8243; closed_title_font_size_last_edited=&#8221;on|phone&#8221; closed_title_font_size_phone=&#8221;13px&#8221;]<\/p>\n<p><span style=\"font-weight: 400;\">Ropa c\u00f3moda y deportiva: pants, camiseta, tenis. Si tienes estudios m\u00e9dicos recientes, tr\u00e1elos contigo.<\/span><\/p>\n<p>[\/et_pb_toggle][et_pb_toggle title=&#8221;\u00bfSe coordina con mi m\u00e9dico o equipo terap\u00e9utico?&#8221; open_toggle_text_color=&#8221;#696464&#8243; icon_color=&#8221;#696464&#8243; use_icon_font_size=&#8221;on&#8221; icon_font_size=&#8221;17px&#8221; open_icon_color=&#8221;#696464&#8243; open_use_icon_font_size=&#8221;on&#8221; open_icon_font_size=&#8221;17px&#8221; _builder_version=&#8221;4.27.4&#8243; _module_preset=&#8221;default&#8221; title_text_color=&#8221;#696464&#8243; title_font=&#8221;Begifta|600|||||||&#8221; title_font_size=&#8221;14px&#8221; title_line_height=&#8221;1.1em&#8221; body_text_color=&#8221;#696464&#8243; body_font_size=&#8221;16px&#8221; hover_enabled=&#8221;0&#8243; title_font_size_tablet=&#8221;16px&#8221; title_font_size_phone=&#8221;13px&#8221; title_font_size_last_edited=&#8221;on|phone&#8221; title_letter_spacing_tablet=&#8221;&#8221; title_letter_spacing_phone=&#8221;1px&#8221; title_letter_spacing_last_edited=&#8221;on|phone&#8221; title_line_height_tablet=&#8221;1.1em&#8221; title_line_height_phone=&#8221;1.4em&#8221; title_line_height_last_edited=&#8221;on|phone&#8221; border_radii=&#8221;on|15px|15px|15px|15px&#8221; border_color_all=&#8221;rgba(105,100,100,0.43)&#8221; global_colors_info=&#8221;{}&#8221; sticky_enabled=&#8221;0&#8243; closed_title_font_size_last_edited=&#8221;on|phone&#8221; closed_title_font_size_phone=&#8221;13px&#8221;]<\/p>\n<p><span style=\"font-weight: 400;\">S\u00ed. Podemos trabajar en conjunto con tu m\u00e9dico o equipo para asegurar que todo tu tratamiento sea coherente y efectivo.<\/span><\/p>\n<p>[\/et_pb_toggle][et_pb_toggle title=&#8221;\u00bfQu\u00e9 riesgos o efectos secundarios puede tener?&#8221; open_toggle_text_color=&#8221;#696464&#8243; icon_color=&#8221;#696464&#8243; use_icon_font_size=&#8221;on&#8221; icon_font_size=&#8221;17px&#8221; open_icon_color=&#8221;#696464&#8243; open_use_icon_font_size=&#8221;on&#8221; open_icon_font_size=&#8221;17px&#8221; _builder_version=&#8221;4.27.4&#8243; _module_preset=&#8221;default&#8221; title_text_color=&#8221;#696464&#8243; title_font=&#8221;Begifta|600|||||||&#8221; title_font_size=&#8221;14px&#8221; title_line_height=&#8221;1.1em&#8221; body_text_color=&#8221;#696464&#8243; body_font_size=&#8221;16px&#8221; hover_enabled=&#8221;0&#8243; title_font_size_tablet=&#8221;16px&#8221; title_font_size_phone=&#8221;13px&#8221; title_font_size_last_edited=&#8221;on|phone&#8221; title_letter_spacing_tablet=&#8221;&#8221; title_letter_spacing_phone=&#8221;1px&#8221; title_letter_spacing_last_edited=&#8221;on|phone&#8221; title_line_height_tablet=&#8221;1.1em&#8221; title_line_height_phone=&#8221;1.4em&#8221; title_line_height_last_edited=&#8221;on|phone&#8221; border_radii=&#8221;on|15px|15px|15px|15px&#8221; border_color_all=&#8221;rgba(105,100,100,0.43)&#8221; global_colors_info=&#8221;{}&#8221; sticky_enabled=&#8221;0&#8243; closed_title_font_size_last_edited=&#8221;on|phone&#8221; closed_title_font_size_phone=&#8221;13px&#8221;]<\/p>\n<p><span style=\"font-weight: 400;\">Son m\u00ednimos. Algunas molestias leves son normales. Hacemos una valoraci\u00f3n previa completa para adaptar el tratamiento a ti y minimizar cualquier riesgo.<\/span><\/p>\n<p>[\/et_pb_toggle][\/et_pb_column][\/et_pb_row][\/et_pb_section]<\/p>\n","protected":false},"excerpt":{"rendered":"<p>Preguntas FrecuentesTe compartimos informaci\u00f3 que puede ayudarte a resolver algunas de las preguntas m\u00e1s frecuentes, si no encuentr\u00e1s alguna, por favor, contactanos, estaremos pendientes y sera un placer atenderte.\u00a1Claro! No necesitas ser atleta. La medicina deportiva ayuda a cualquier persona con dolor o dificultades de movimiento, incluso si tu \u00fanica actividad f\u00edsica es caminar al [&hellip;]<\/p>\n","protected":false},"author":2,"featured_media":0,"parent":0,"menu_order":0,"comment_status":"closed","ping_status":"closed","template":"","meta":{"_et_pb_use_builder":"on","_et_pb_old_content":"","_et_gb_content_width":"","footnotes":""},"class_list":["post-55","page","type-page","status-publish","hentry"],"_links":{"self":[{"href":"https:\/\/gmestigia.com\/en\/wp-json\/wp\/v2\/pages\/55","targetHints":{"allow":["GET"]}}],"collection":[{"href":"https:\/\/gmestigia.com\/en\/wp-json\/wp\/v2\/pages"}],"about":[{"href":"https:\/\/gmestigia.com\/en\/wp-json\/wp\/v2\/types\/page"}],"author":[{"embeddable":true,"href":"https:\/\/gmestigia.com\/en\/wp-json\/wp\/v2\/users\/2"}],"replies":[{"embeddable":true,"href":"https:\/\/gmestigia.com\/en\/wp-json\/wp\/v2\/comments?post=55"}],"version-history":[{"count":27,"href":"https:\/\/gmestigia.com\/en\/wp-json\/wp\/v2\/pages\/55\/revisions"}],"predecessor-version":[{"id":810,"href":"https:\/\/gmestigia.com\/en\/wp-json\/wp\/v2\/pages\/55\/revisions\/810"}],"wp:attachment":[{"href":"https:\/\/gmestigia.com\/en\/wp-json\/wp\/v2\/media?parent=55"}],"curies":[{"name":"wp","href":"https:\/\/api.w.org\/{rel}","templated":true}]}}